{"id":2257,"date":"2025-11-05T07:44:56","date_gmt":"2025-11-05T07:44:56","guid":{"rendered":"https:\/\/klasztorwieliczka.pl\/?page_id=2257"},"modified":"2026-03-24T07:32:44","modified_gmt":"2026-03-24T07:32:44","slug":"kancelaria","status":"publish","type":"page","link":"https:\/\/klasztorwieliczka.pl\/index.php\/kancelaria\/","title":{"rendered":"Kancelaria"},"content":{"rendered":"<h2>GODZINY OTWARCIA KANCELARII PARAFIALNEJ:<\/h2>\n<ul>\n<li><strong>Poniedzia\u0142ek: 16:30-17:30<\/strong><\/li>\n<li><strong>\u015aroda: 16:30-17:30<\/strong><\/li>\n<li><strong>Pi\u0105tek: 18:30-19:30<\/strong><\/li>\n<\/ul>\n<p>&nbsp;<\/p>\n<p>W pilnych sprawach (tj. wezwanie do chorego, pogrzeb) prosimy dzwoni\u0107 &#8211; tel. 12 278 18 66, kom. 510-987-109 lub zg\u0142asza\u0107 si\u0119 w dni powszednie po rannej lub wieczornej Mszy \u015awi\u0119tej.<\/p>\n<p>W I pi\u0105tki oraz I soboty miesi\u0105ca, \u015bwi\u0119ta ko\u015bcielne i pa\u0144stwowe &#8211; <strong>KANCELARIA NIECZYNNA<\/strong>.<\/p>\n","protected":false},"excerpt":{"rendered":"<p>GODZINY OTWARCIA KANCELARII PARAFIALNEJ: Poniedzia\u0142ek: 16:30-17:30 \u015aroda: 16:30-17:30 Pi\u0105tek: 18:30-19:30 &nbsp; W pilnych sprawach (tj. wezwanie do chorego, pogrzeb) prosimy dzwoni\u0107 &#8211;<\/p>\n","protected":false},"author":5,"featured_media":0,"parent":0,"menu_order":0,"comment_status":"closed","ping_status":"closed","template":"","meta":{"footnotes":""},"class_list":["post-2257","page","type-page","status-publish","hentry"],"_links":{"self":[{"href":"https:\/\/klasztorwieliczka.pl\/index.php\/wp-json\/wp\/v2\/pages\/2257","targetHints":{"allow":["GET"]}}],"collection":[{"href":"https:\/\/klasztorwieliczka.pl\/index.php\/wp-json\/wp\/v2\/pages"}],"about":[{"href":"https:\/\/klasztorwieliczka.pl\/index.php\/wp-json\/wp\/v2\/types\/page"}],"author":[{"embeddable":true,"href":"https:\/\/klasztorwieliczka.pl\/index.php\/wp-json\/wp\/v2\/users\/5"}],"replies":[{"embeddable":true,"href":"https:\/\/klasztorwieliczka.pl\/index.php\/wp-json\/wp\/v2\/comments?post=2257"}],"version-history":[{"count":7,"href":"https:\/\/klasztorwieliczka.pl\/index.php\/wp-json\/wp\/v2\/pages\/2257\/revisions"}],"predecessor-version":[{"id":2766,"href":"https:\/\/klasztorwieliczka.pl\/index.php\/wp-json\/wp\/v2\/pages\/2257\/revisions\/2766"}],"wp:attachment":[{"href":"https:\/\/klasztorwieliczka.pl\/index.php\/wp-json\/wp\/v2\/media?parent=2257"}],"curies":[{"name":"wp","href":"https:\/\/api.w.org\/{rel}","templated":true}]}}