{"id":2259,"date":"2025-11-05T07:44:49","date_gmt":"2025-11-05T07:44:49","guid":{"rendered":"https:\/\/klasztorwieliczka.pl\/?page_id=2259"},"modified":"2026-01-01T17:15:42","modified_gmt":"2026-01-01T17:15:42","slug":"msze-swiete-i-nabozenstwa","status":"publish","type":"page","link":"https:\/\/klasztorwieliczka.pl\/index.php\/msze-swiete-i-nabozenstwa\/","title":{"rendered":"Msze \u015awi\u0119te i nabo\u017ce\u0144stwa"},"content":{"rendered":"<div class=\"fusion-fullwidth fullwidth-box fusion-builder-row-1 fusion-flex-container nonhundred-percent-fullwidth non-hundred-percent-height-scrolling\" style=\"--awb-border-radius-top-left:0px;--awb-border-radius-top-right:0px;--awb-border-radius-bottom-right:0px;--awb-border-radius-bottom-left:0px;--awb-flex-wrap:wrap;\" ><div class=\"fusion-builder-row fusion-row fusion-flex-align-items-flex-start fusion-flex-content-wrap\" style=\"max-width:1331.2px;margin-left: calc(-4% \/ 2 );margin-right: calc(-4% \/ 2 );\"><div class=\"fusion-layout-column fusion_builder_column fusion-builder-column-0 fusion_builder_column_1_1 1_1 fusion-flex-column\" style=\"--awb-bg-blend:overlay;--awb-bg-size:cover;--awb-width-large:100%;--awb-margin-top-large:0px;--awb-spacing-right-large:1.92%;--awb-margin-bottom-large:0px;--awb-spacing-left-large:1.92%;--awb-width-medium:100%;--awb-spacing-right-medium:1.92%;--awb-spacing-left-medium:1.92%;--awb-width-small:100%;--awb-spacing-right-small:1.92%;--awb-spacing-left-small:1.92%;\"><div class=\"fusion-column-wrapper fusion-flex-justify-content-flex-start fusion-content-layout-column\"><div class=\"fusion-builder-row fusion-builder-row-inner fusion-row fusion-flex-align-items-flex-start fusion-flex-content-wrap\" style=\"width:104% !important;max-width:104% !important;margin-left: calc(-4% \/ 2 );margin-right: calc(-4% \/ 2 );\"><div class=\"fusion-layout-column fusion_builder_column_inner fusion-builder-nested-column-0 fusion_builder_column_inner_1_1 1_1 fusion-flex-column\" style=\"--awb-bg-size:cover;--awb-width-large:100%;--awb-margin-top-large:0px;--awb-spacing-right-large:1.92%;--awb-margin-bottom-large:0px;--awb-spacing-left-large:1.92%;--awb-width-medium:100%;--awb-order-medium:0;--awb-spacing-right-medium:1.92%;--awb-spacing-left-medium:1.92%;--awb-width-small:100%;--awb-order-small:0;--awb-spacing-right-small:1.92%;--awb-spacing-left-small:1.92%;\"><div class=\"fusion-column-wrapper fusion-column-has-shadow fusion-flex-justify-content-flex-start fusion-content-layout-column\"><div class=\"fusion-image-element \" style=\"--awb-caption-title-font-family:var(--h2_typography-font-family);--awb-caption-title-font-weight:var(--h2_typography-font-weight);--awb-caption-title-font-style:var(--h2_typography-font-style);--awb-caption-title-size:var(--h2_typography-font-size);--awb-caption-title-transform:var(--h2_typography-text-transform);--awb-caption-title-line-height:var(--h2_typography-line-height);--awb-caption-title-letter-spacing:var(--h2_typography-letter-spacing);\"><span class=\" fusion-imageframe imageframe-none imageframe-1 hover-type-none\"><img decoding=\"async\" width=\"2560\" height=\"1707\" title=\"_DSC5765\" src=\"https:\/\/klasztorwieliczka.pl\/wp-content\/uploads\/2025\/11\/DSC5765-scaled.jpg\" data-orig-src=\"https:\/\/klasztorwieliczka.pl\/wp-content\/uploads\/2025\/11\/DSC5765-scaled.jpg\" alt class=\"lazyload img-responsive wp-image-2462\" srcset=\"data:image\/svg+xml,%3Csvg%20xmlns%3D%27http%3A%2F%2Fwww.w3.org%2F2000%2Fsvg%27%20width%3D%272560%27%20height%3D%271707%27%20viewBox%3D%270%200%202560%201707%27%3E%3Crect%20width%3D%272560%27%20height%3D%271707%27%20fill-opacity%3D%220%22%2F%3E%3C%2Fsvg%3E\" data-srcset=\"https:\/\/klasztorwieliczka.pl\/wp-content\/uploads\/2025\/11\/DSC5765-200x133.jpg 200w, https:\/\/klasztorwieliczka.pl\/wp-content\/uploads\/2025\/11\/DSC5765-400x267.jpg 400w, https:\/\/klasztorwieliczka.pl\/wp-content\/uploads\/2025\/11\/DSC5765-600x400.jpg 600w, https:\/\/klasztorwieliczka.pl\/wp-content\/uploads\/2025\/11\/DSC5765-800x533.jpg 800w, https:\/\/klasztorwieliczka.pl\/wp-content\/uploads\/2025\/11\/DSC5765-1200x800.jpg 1200w, https:\/\/klasztorwieliczka.pl\/wp-content\/uploads\/2025\/11\/DSC5765-scaled.jpg 2560w\" data-sizes=\"auto\" data-orig-sizes=\"(max-width: 1024px) 100vw, (max-width: 640px) 100vw, 2560px\" \/><\/span><\/div><\/div><\/div><\/div><div class=\"fusion-title title fusion-title-1 fusion-title-text fusion-title-size-one\"><div class=\"title-sep-container title-sep-container-left fusion-no-large-visibility fusion-no-medium-visibility fusion-no-small-visibility\"><div class=\"title-sep sep- sep-solid\" style=\"border-color:var(--awb-color3);\"><\/div><\/div><span class=\"awb-title-spacer fusion-no-large-visibility fusion-no-medium-visibility fusion-no-small-visibility\"><\/span><h1 class=\"fusion-title-heading title-heading-left fusion-responsive-typography-calculated\" style=\"margin:0;--fontSize:56;line-height:var(--awb-typography1-line-height);\">MSZE \u015aWI\u0118TE I NABO\u017bE\u0143STWA<\/h1><span class=\"awb-title-spacer\"><\/span><div class=\"title-sep-container title-sep-container-right\"><div class=\"title-sep sep- sep-solid\" style=\"border-color:var(--awb-color3);\"><\/div><\/div><\/div><div class=\"fusion-text fusion-text-1\"><h3>MSZE \u015aWI\u0118TE W TYGODNIU ( PONIEDZIA\u0141EK-SOBOTA):<\/h3>\n<ul>\n<li><strong>7:00; 8:00; 18:00<\/strong><\/li>\n<\/ul>\n<h3>MSZE \u015aWI\u0118TE W NIEDZIELE:<\/h3>\n<ul>\n<li><strong>7:00; 9:00; 10:30; 12:30; 18:00. Dodatkowo 20:00 (tylko w okresie lipiec-sierpie\u0144)<\/strong><\/li>\n<\/ul>\n<\/div><div class=\"fusion-separator fusion-full-width-sep\" style=\"align-self: center;margin-left: auto;margin-right: auto;width:100%;\"><div class=\"fusion-separator-border sep-double\" style=\"--awb-height:20px;--awb-amount:20px;border-color:var(--awb-color3);border-top-width:1px;border-bottom-width:1px;\"><\/div><\/div><div ><a class=\"fusion-button button-flat fusion-button-default-size button-custom fusion-button-default button-1 fusion-button-default-span fusion-button-default-type\" style=\"--button_accent_color:var(--awb-color1);--button_accent_hover_color:var(--awb-color1);--button_border_hover_color:var(--awb-color1);--button_gradient_top_color:var(--awb-color4);--button_gradient_bottom_color:var(--awb-color4);--button_gradient_top_color_hover:var(--awb-color4);--button_gradient_bottom_color_hover:var(--awb-color4);width:calc(100%);\" target=\"_self\"><span class=\"fusion-button-text\">co si\u0119 dzieje w najbli\u017cszym czasie? sprawd\u017a<\/span><i class=\"fa-arrow-down fas button-icon-right\" aria-hidden=\"true\"><\/i><\/a><\/div><div class=\"fusion-events-shortcode fusion-events-shortcode-1\" style=\"margin-left: -20px;margin-right: -20px;\"><div class=\"fusion-events-wrapper\" data-pages=\"1\"><div class=\"fusion-events-post fusion-spacing-no fusion-one-fourth fusion-layout-column\" style=\"padding:20px\"><div class=\"fusion-column-wrapper\"><div class=\"fusion-events-thumbnail hover-type-none\"><a href=\"https:\/\/klasztorwieliczka.pl\/index.php\/event\/koncert-niebianskie-ogrody-2026\/\" class=\"url\" rel=\"bookmark\" aria-label=\"Koncert Niebia\u0144skie Ogrody\"><span class=\"tribe-events-event-image\" style=\"background-image: url(https:\/\/klasztorwieliczka.pl\/wp-content\/uploads\/2026\/05\/WYSTAWA-MULTIMEDIALNA-O-SLUDZE-BOZYM-BRACIE-ALOJZYM-KOSIBIE_20260516_223458_0000.png); -webkit-background-size: cover; background-size: cover; background-position: center center;\"><\/span><\/a><\/div><div class=\"fusion-events-content-wrapper\" style=\"padding:20px 20px 20px 20px;\"><div class=\"fusion-events-meta\"><h2><a href=\"https:\/\/klasztorwieliczka.pl\/index.php\/event\/koncert-niebianskie-ogrody-2026\/\" class=\"url\" rel=\"bookmark\">Koncert Niebia\u0144skie Ogrody<\/a><\/h2><h4><span class=\"tribe-event-date-start\">24 maja @ 4:00 pm<\/span> - <span class=\"tribe-event-time\">6:00 pm<\/span><\/h4><\/div><\/div><\/div><\/div><div class=\"fusion-clearfix\"><\/div><\/div><\/div><div class=\"fusion-separator fusion-full-width-sep\" style=\"align-self: center;margin-left: auto;margin-right: auto;width:100%;\"><div class=\"fusion-separator-border sep-double\" style=\"--awb-height:20px;--awb-amount:20px;border-color:var(--awb-color3);border-top-width:1px;border-bottom-width:1px;\"><\/div><\/div><div class=\"fusion-post-slider fusion-flexslider fusion-flexslider-loading flexslider-posts\"><ul class=\"slides\"><li><a href=\"https:\/\/klasztorwieliczka.pl\/index.php\/2026\/05\/16\/ogloszenia-parafialne-17-05-2026\/\" aria-label=\"Og\u0142oszenia parafialne | 17.05.2026\"><img decoding=\"async\" width=\"1080\" height=\"720\" class=\"lazyload wp-image-1703\" src=\"https:\/\/klasztorwieliczka.pl\/wp-content\/uploads\/2015\/09\/fot.-Mariusz-Wloch-Fotodron.jpg\" data-orig-src=\"https:\/\/klasztorwieliczka.pl\/wp-content\/uploads\/2015\/09\/fot.-Mariusz-Wloch-Fotodron.jpg\" alt=\"\" srcset=\"data:image\/svg+xml,%3Csvg%20xmlns%3D%27http%3A%2F%2Fwww.w3.org%2F2000%2Fsvg%27%20width%3D%271080%27%20height%3D%27720%27%20viewBox%3D%270%200%201080%20720%27%3E%3Crect%20width%3D%271080%27%20height%3D%27720%27%20fill-opacity%3D%220%22%2F%3E%3C%2Fsvg%3E\" data-srcset=\"https:\/\/klasztorwieliczka.pl\/wp-content\/uploads\/2015\/09\/fot.-Mariusz-Wloch-Fotodron-200x133.jpg 200w, https:\/\/klasztorwieliczka.pl\/wp-content\/uploads\/2015\/09\/fot.-Mariusz-Wloch-Fotodron-400x267.jpg 400w, https:\/\/klasztorwieliczka.pl\/wp-content\/uploads\/2015\/09\/fot.-Mariusz-Wloch-Fotodron-600x400.jpg 600w, https:\/\/klasztorwieliczka.pl\/wp-content\/uploads\/2015\/09\/fot.-Mariusz-Wloch-Fotodron-800x533.jpg 800w, https:\/\/klasztorwieliczka.pl\/wp-content\/uploads\/2015\/09\/fot.-Mariusz-Wloch-Fotodron.jpg 1080w\" data-sizes=\"auto\" data-orig-sizes=\"(max-width: 1024px) 100vw, (max-width: 640px) 100vw, 1080px\" \/><\/a><div class=\"slide-excerpt\"><h2><a href=\"https:\/\/klasztorwieliczka.pl\/index.php\/2026\/05\/16\/ogloszenia-parafialne-17-05-2026\/\">Og\u0142oszenia parafialne | 17.05.2026<\/a><\/h2><\/div><\/li><li><a href=\"https:\/\/klasztorwieliczka.pl\/index.php\/2026\/05\/10\/ogloszenia-parafialne-10-05-2026\/\" aria-label=\"Og\u0142oszenia parafialne | 10.05.2026\"><img decoding=\"async\" width=\"1080\" height=\"720\" class=\"lazyload wp-image-1703\" src=\"https:\/\/klasztorwieliczka.pl\/wp-content\/uploads\/2015\/09\/fot.-Mariusz-Wloch-Fotodron.jpg\" data-orig-src=\"https:\/\/klasztorwieliczka.pl\/wp-content\/uploads\/2015\/09\/fot.-Mariusz-Wloch-Fotodron.jpg\" alt=\"\" srcset=\"data:image\/svg+xml,%3Csvg%20xmlns%3D%27http%3A%2F%2Fwww.w3.org%2F2000%2Fsvg%27%20width%3D%271080%27%20height%3D%27720%27%20viewBox%3D%270%200%201080%20720%27%3E%3Crect%20width%3D%271080%27%20height%3D%27720%27%20fill-opacity%3D%220%22%2F%3E%3C%2Fsvg%3E\" data-srcset=\"https:\/\/klasztorwieliczka.pl\/wp-content\/uploads\/2015\/09\/fot.-Mariusz-Wloch-Fotodron-200x133.jpg 200w, https:\/\/klasztorwieliczka.pl\/wp-content\/uploads\/2015\/09\/fot.-Mariusz-Wloch-Fotodron-400x267.jpg 400w, https:\/\/klasztorwieliczka.pl\/wp-content\/uploads\/2015\/09\/fot.-Mariusz-Wloch-Fotodron-600x400.jpg 600w, https:\/\/klasztorwieliczka.pl\/wp-content\/uploads\/2015\/09\/fot.-Mariusz-Wloch-Fotodron-800x533.jpg 800w, https:\/\/klasztorwieliczka.pl\/wp-content\/uploads\/2015\/09\/fot.-Mariusz-Wloch-Fotodron.jpg 1080w\" data-sizes=\"auto\" data-orig-sizes=\"(max-width: 1024px) 100vw, (max-width: 640px) 100vw, 1080px\" \/><\/a><div class=\"slide-excerpt\"><h2><a href=\"https:\/\/klasztorwieliczka.pl\/index.php\/2026\/05\/10\/ogloszenia-parafialne-10-05-2026\/\">Og\u0142oszenia parafialne | 10.05.2026<\/a><\/h2><\/div><\/li><li><a href=\"https:\/\/klasztorwieliczka.pl\/index.php\/2026\/05\/04\/ogloszenia-parafialne-3-05-2026\/\" aria-label=\"Og\u0142oszenia parafialne | 3.05.2026\"><img decoding=\"async\" width=\"1080\" height=\"720\" class=\"lazyload wp-image-1703\" src=\"https:\/\/klasztorwieliczka.pl\/wp-content\/uploads\/2015\/09\/fot.-Mariusz-Wloch-Fotodron.jpg\" data-orig-src=\"https:\/\/klasztorwieliczka.pl\/wp-content\/uploads\/2015\/09\/fot.-Mariusz-Wloch-Fotodron.jpg\" alt=\"\" srcset=\"data:image\/svg+xml,%3Csvg%20xmlns%3D%27http%3A%2F%2Fwww.w3.org%2F2000%2Fsvg%27%20width%3D%271080%27%20height%3D%27720%27%20viewBox%3D%270%200%201080%20720%27%3E%3Crect%20width%3D%271080%27%20height%3D%27720%27%20fill-opacity%3D%220%22%2F%3E%3C%2Fsvg%3E\" data-srcset=\"https:\/\/klasztorwieliczka.pl\/wp-content\/uploads\/2015\/09\/fot.-Mariusz-Wloch-Fotodron-200x133.jpg 200w, https:\/\/klasztorwieliczka.pl\/wp-content\/uploads\/2015\/09\/fot.-Mariusz-Wloch-Fotodron-400x267.jpg 400w, https:\/\/klasztorwieliczka.pl\/wp-content\/uploads\/2015\/09\/fot.-Mariusz-Wloch-Fotodron-600x400.jpg 600w, https:\/\/klasztorwieliczka.pl\/wp-content\/uploads\/2015\/09\/fot.-Mariusz-Wloch-Fotodron-800x533.jpg 800w, https:\/\/klasztorwieliczka.pl\/wp-content\/uploads\/2015\/09\/fot.-Mariusz-Wloch-Fotodron.jpg 1080w\" data-sizes=\"auto\" data-orig-sizes=\"(max-width: 1024px) 100vw, (max-width: 640px) 100vw, 1080px\" \/><\/a><div class=\"slide-excerpt\"><h2><a href=\"https:\/\/klasztorwieliczka.pl\/index.php\/2026\/05\/04\/ogloszenia-parafialne-3-05-2026\/\">Og\u0142oszenia parafialne | 3.05.2026<\/a><\/h2><\/div><\/li><\/ul><\/div><\/div><\/div><\/div><\/div>\n","protected":false},"excerpt":{"rendered":"","protected":false},"author":5,"featured_media":0,"parent":0,"menu_order":0,"comment_status":"closed","ping_status":"closed","template":"","meta":{"footnotes":""},"class_list":["post-2259","page","type-page","status-publish","hentry"],"_links":{"self":[{"href":"https:\/\/klasztorwieliczka.pl\/index.php\/wp-json\/wp\/v2\/pages\/2259","targetHints":{"allow":["GET"]}}],"collection":[{"href":"https:\/\/klasztorwieliczka.pl\/index.php\/wp-json\/wp\/v2\/pages"}],"about":[{"href":"https:\/\/klasztorwieliczka.pl\/index.php\/wp-json\/wp\/v2\/types\/page"}],"author":[{"embeddable":true,"href":"https:\/\/klasztorwieliczka.pl\/index.php\/wp-json\/wp\/v2\/users\/5"}],"replies":[{"embeddable":true,"href":"https:\/\/klasztorwieliczka.pl\/index.php\/wp-json\/wp\/v2\/comments?post=2259"}],"version-history":[{"count":9,"href":"https:\/\/klasztorwieliczka.pl\/index.php\/wp-json\/wp\/v2\/pages\/2259\/revisions"}],"predecessor-version":[{"id":2645,"href":"https:\/\/klasztorwieliczka.pl\/index.php\/wp-json\/wp\/v2\/pages\/2259\/revisions\/2645"}],"wp:attachment":[{"href":"https:\/\/klasztorwieliczka.pl\/index.php\/wp-json\/wp\/v2\/media?parent=2259"}],"curies":[{"name":"wp","href":"https:\/\/api.w.org\/{rel}","templated":true}]}}