{"id":2263,"date":"2025-11-05T07:44:43","date_gmt":"2025-11-05T07:44:43","guid":{"rendered":"https:\/\/klasztorwieliczka.pl\/?page_id=2263"},"modified":"2025-11-13T07:33:45","modified_gmt":"2025-11-13T07:33:45","slug":"sakramenty","status":"publish","type":"page","link":"https:\/\/klasztorwieliczka.pl\/index.php\/sakramenty\/","title":{"rendered":"Sakramenty"},"content":{"rendered":"<div class=\"fusion-fullwidth fullwidth-box fusion-builder-row-1 fusion-flex-container nonhundred-percent-fullwidth non-hundred-percent-height-scrolling\" style=\"--awb-border-radius-top-left:0px;--awb-border-radius-top-right:0px;--awb-border-radius-bottom-right:0px;--awb-border-radius-bottom-left:0px;--awb-flex-wrap:wrap;\" ><div class=\"fusion-builder-row fusion-row fusion-flex-align-items-flex-start fusion-flex-content-wrap\" style=\"max-width:1331.2px;margin-left: calc(-4% \/ 2 );margin-right: calc(-4% \/ 2 );\"><div class=\"fusion-layout-column fusion_builder_column fusion-builder-column-0 fusion_builder_column_1_1 1_1 fusion-flex-column\" style=\"--awb-bg-blend:overlay;--awb-bg-size:cover;--awb-width-large:100%;--awb-margin-top-large:0px;--awb-spacing-right-large:1.92%;--awb-margin-bottom-large:0px;--awb-spacing-left-large:1.92%;--awb-width-medium:100%;--awb-spacing-right-medium:1.92%;--awb-spacing-left-medium:1.92%;--awb-width-small:100%;--awb-spacing-right-small:1.92%;--awb-spacing-left-small:1.92%;\"><div class=\"fusion-column-wrapper fusion-flex-justify-content-flex-start fusion-content-layout-column\"><div class=\"fusion-title title fusion-title-1 fusion-title-text fusion-title-size-one\"><div class=\"title-sep-container title-sep-container-left fusion-no-large-visibility fusion-no-medium-visibility fusion-no-small-visibility\"><div class=\"title-sep sep- sep-solid\" style=\"border-color:var(--awb-color3);\"><\/div><\/div><span class=\"awb-title-spacer fusion-no-large-visibility fusion-no-medium-visibility fusion-no-small-visibility\"><\/span><h1 class=\"fusion-title-heading title-heading-left fusion-responsive-typography-calculated\" style=\"margin:0;--fontSize:56;line-height:var(--awb-typography1-line-height);\">SAKRAMENTY \u015aWI\u0118TE<\/h1><span class=\"awb-title-spacer\"><\/span><div class=\"title-sep-container title-sep-container-right\"><div class=\"title-sep sep- sep-solid\" style=\"border-color:var(--awb-color3);\"><\/div><\/div><\/div><div class=\"fusion-text fusion-text-1\"><h3 id=\"sakramentchrztu\" class=\"header__h2 content--color-primary\">SAKRAMENT CHRZTU<\/h3>\n<p>Prosimy rodzic\u00f3w o zg\u0142aszanie chrztu dziecka w kancelarii parafialnej.<\/p>\n<p>Przy zg\u0142oszeniu chrztu nale\u017cy przed\u0142o\u017cy\u0107:<\/p>\n<ol>\n<li>\u015awiadectwo urodzenia dziecka z urz\u0119du stanu cywilnego.<\/li>\n<li>Dane chrzestnych, czyli dat\u0119 i miejsce urodzenia&nbsp;oraz miejsce zamieszkania.<\/li>\n<li>Chrzestni, w dniu chrztu przedstawiaj\u0105 opini\u0119 wystawion\u0105 przez parafi\u0119, w kt\u00f3rej aktualnie mieszkaj\u0105. Chrzestni z naszej parafii opinii nie przedstawiaj\u0105. Kartki od spowiedzi.&nbsp;<\/li>\n<\/ol>\n<p>Chrzestnymi mog\u0105 by\u0107 wierz\u0105cy i praktykuj\u0105cy katolicy, kt\u00f3rzy uko\u0144czyli 15 rok \u017cycia i s\u0105 bierzmowani.<br \/>Chrzestnymi nie mog\u0105 by\u0107 osoby niewierz\u0105ce, niepraktykuj\u0105ce, innego wyznania, osoby \u017cyj\u0105ce w ma\u0142\u017ce\u0144stwie bez \u015blubu ko\u015bcielnego, m\u0142odzie\u017c nie ucz\u0119szczaj\u0105ca na katechizacj\u0119.<\/p>\n<h3>&nbsp;<\/h3>\n<h3 id=\"pierwszakomunia?wi?ta\" class=\"header__h2 content--color-primary\">PIERWSZA KOMUNIA \u015aWI\u0118TA<\/h3>\n<p>Do Pierwszej Komunii \u015bwi\u0119tej przyst\u0119puj\u0105 dzieci w naszym Sanktuarium \u2013 w sobot\u0119 przed &nbsp;3 maja.&nbsp;<\/p>\n<p>Dokumenty:<\/p>\n<ol>\n<li>\u015awiadectwo chrztu dziecka.<\/li>\n<\/ol>\n<h3>&nbsp;<\/h3>\n<h3 id=\"sakramentbierzmowania\" class=\"header__h2 content--color-primary\">SAKRAMENT BIERZMOWANIA<\/h3>\n<p>M\u0142odzie\u017c przygotowuje si\u0119 w naszej parafii do tego sakramentu na comiesi\u0119cznych spotkaniach.<br \/>Sakrament Bierzmowania odbywa si\u0119 w w ustalonym terminie.<\/p>\n<p>Dokumenty:<\/p>\n<ol>\n<li>\u015awiadectwo chrztu.<\/li>\n<\/ol>\n<h3>&nbsp;<\/h3>\n<h3 id=\"sakramentma??e?stwa\" class=\"header__h2 content--color-primary\">SAKRAMENT MA\u0141\u017bE\u0143STWA<\/h3>\n<p>soby, kt\u00f3re zamierzaj\u0105 zawrze\u0107 sakramentalny zwi\u0105zek ma\u0142\u017ce\u0144ski powinny zg\u0142osi\u0107 si\u0119 ok. 3 miesi\u0105ce przed dniem \u015blubu w kancelarii parafialnej celem ustalenia terminu \u015blubu.<\/p>\n<p>Dokumenty, kt\u00f3re nale\u017cy dostarczy\u0107:<\/p>\n<ol>\n<li>Pozwolenie z parafii (narzeczonego lub narzeczonej, je\u017celi narzeczeni pochodz\u0105 spoza naszej parafii).<\/li>\n<li>\u015awiadectwo chrztu, wystawione nie wcze\u015bniej ni\u017c przed trzema miesi\u0105cami.<\/li>\n<li>\u015awiadectwo bierzmowania.<\/li>\n<li>Ksero \u015bwiadectwa uko\u0144czenia katechizacji w zakresie szko\u0142y \u015bredniej.<\/li>\n<li>Za\u015bwiadczenie uko\u0144czenia kursu przedma\u0142\u017ce\u0144skiego oraz poradni \u017cycia rodzinnego.<\/li>\n<li>Dokumenty do \u015blubu konkordatowego z Urz\u0119du Stanu Cywilnego.<\/li>\n<\/ol>\n<p>Kursy przedma\u0142\u017ce\u0144skie wykaz&nbsp;<a href=\"https:\/\/web.archive.org\/web\/20250512141015\/https:\/\/wdr.diecezja.pl\/katechezy-przedslubne\/\">https:\/\/wdr.diecezja.pl\/katechezy-przedslubne\/<\/a><\/p>\n<p>Dodatkowo, w zale\u017cno\u015bci od sytuacji matrymonialnej ma\u0142\u017conk\u00f3w:<\/p>\n<ol>\n<li>Wyrok s\u0105du stwierdzaj\u0105cy rozwi\u0105zanie poprzedniego ma\u0142\u017ce\u0144stwa, jedynie przez osoby b\u0119d\u0105ce ju\u017c po rozwodzie cywilnym,<\/li>\n<li>Dow\u00f3d zawarcia \u015blubu cywilnego z urz\u0119du stanu cywilnego przez osoby, kt\u00f3re ju\u017c zawar\u0142y kontrakt cywilny.<\/li>\n<li>\u015awiadectwo zgonu wsp\u00f3\u0142ma\u0142\u017conka, wystawione przez parafi\u0119, przedk\u0142adaj\u0105 wdowy i wdowcy.<\/li>\n<\/ol>\n<p>Przy spisywaniu protoko\u0142u narzeczeni przedk\u0142adaj\u0105 dowody osobiste i podaj\u0105 dane \u015bwiadk\u00f3w.<\/p>\n<h3>&nbsp;<\/h3>\n<h3 id=\"sakramentchorych\" class=\"header__h2 content--color-primary\">SAKRAMENT NAMASZCZENIA CHORYCH<\/h3>\n<p>Do chorych zg\u0142oszonych w kancelarii udajemy si\u0119 na ka\u017cde \u017c\u0105danie.<\/p>\n<p>W domu chorego nale\u017cy przygotowa\u0107:<\/p>\n<ol>\n<li>St\u00f3\u0142 nakryty bia\u0142ym obrusem, na nim krzy\u017c i dwie \u015bwieczki.<\/li>\n<li>Kropid\u0142o i wod\u0119 \u015bwi\u0119con\u0105.<\/li>\n<\/ol>\n<p>&nbsp;<\/p>\n<p>W czasie udzielania sakramentu chorych powinni by\u0107 obecni (w miar\u0119 mo\u017cliwo\u015bci) wszyscy domownicy.<\/p>\n<p>W nag\u0142ych wypadkach nale\u017cy wezwa\u0107 kap\u0142ana natychmiast.<\/p>\n<p>Nie wzywa si\u0119 kap\u0142ana z pos\u0142ug\u0105 sakramentu chorych do umar\u0142ego.<\/p>\n<h3>&nbsp;<\/h3>\n<h3 id=\"pogrzebkatolicki\" class=\"header__h2 content--color-primary\">POGRZEB KATOLICKI<\/h3>\n<p>Pogrzeb nale\u017cy zg\u0142osi\u0107 w kancelarii parafialnej po za\u0142atwieniu wszystkich formalno\u015bci w zak\u0142adzie pogrzebowym.<\/p>\n<p>Przy zg\u0142oszeniu pogrzebu nale\u017cy przed\u0142o\u017cy\u0107:<\/p>\n<ol>\n<li>\u015awiadectwo zgonu z Urz\u0119du Stanu Cywilnego.<\/li>\n<li>O ile dana osoba pochodzi z poza parafii \u2013 pozwolenie od ks. Proboszcza ze swojej parafii.<\/li>\n<\/ol>\n<\/div><\/div><\/div><\/div><\/div>\n","protected":false},"excerpt":{"rendered":"","protected":false},"author":5,"featured_media":0,"parent":0,"menu_order":0,"comment_status":"closed","ping_status":"closed","template":"","meta":{"footnotes":""},"class_list":["post-2263","page","type-page","status-publish","hentry"],"_links":{"self":[{"href":"https:\/\/klasztorwieliczka.pl\/index.php\/wp-json\/wp\/v2\/pages\/2263","targetHints":{"allow":["GET"]}}],"collection":[{"href":"https:\/\/klasztorwieliczka.pl\/index.php\/wp-json\/wp\/v2\/pages"}],"about":[{"href":"https:\/\/klasztorwieliczka.pl\/index.php\/wp-json\/wp\/v2\/types\/page"}],"author":[{"embeddable":true,"href":"https:\/\/klasztorwieliczka.pl\/index.php\/wp-json\/wp\/v2\/users\/5"}],"replies":[{"embeddable":true,"href":"https:\/\/klasztorwieliczka.pl\/index.php\/wp-json\/wp\/v2\/comments?post=2263"}],"version-history":[{"count":5,"href":"https:\/\/klasztorwieliczka.pl\/index.php\/wp-json\/wp\/v2\/pages\/2263\/revisions"}],"predecessor-version":[{"id":2570,"href":"https:\/\/klasztorwieliczka.pl\/index.php\/wp-json\/wp\/v2\/pages\/2263\/revisions\/2570"}],"wp:attachment":[{"href":"https:\/\/klasztorwieliczka.pl\/index.php\/wp-json\/wp\/v2\/media?parent=2263"}],"curies":[{"name":"wp","href":"https:\/\/api.w.org\/{rel}","templated":true}]}}