{"id":2270,"date":"2025-11-05T07:45:01","date_gmt":"2025-11-05T07:45:01","guid":{"rendered":"https:\/\/klasztorwieliczka.pl\/?page_id=2270"},"modified":"2025-11-05T07:45:01","modified_gmt":"2025-11-05T07:45:01","slug":"aktualnosci","status":"publish","type":"page","link":"https:\/\/klasztorwieliczka.pl\/index.php\/aktualnosci\/","title":{"rendered":"AKTUALNO\u015aCI"},"content":{"rendered":"<div class=\"fusion-fullwidth fullwidth-box fusion-builder-row-1 fusion-flex-container nonhundred-percent-fullwidth non-hundred-percent-height-scrolling\" style=\"--awb-border-radius-top-left:0px;--awb-border-radius-top-right:0px;--awb-border-radius-bottom-right:0px;--awb-border-radius-bottom-left:0px;--awb-flex-wrap:wrap;\" ><div class=\"fusion-builder-row fusion-row fusion-flex-align-items-flex-start fusion-flex-content-wrap\" style=\"max-width:1331.2px;margin-left: calc(-4% \/ 2 );margin-right: calc(-4% \/ 2 );\"><div class=\"fusion-layout-column fusion_builder_column fusion-builder-column-0 fusion_builder_column_1_1 1_1 fusion-flex-column\" style=\"--awb-bg-blend:overlay;--awb-bg-size:cover;--awb-width-large:100%;--awb-margin-top-large:0px;--awb-spacing-right-large:1.92%;--awb-margin-bottom-large:0px;--awb-spacing-left-large:1.92%;--awb-width-medium:100%;--awb-spacing-right-medium:1.92%;--awb-spacing-left-medium:1.92%;--awb-width-small:100%;--awb-spacing-right-small:1.92%;--awb-spacing-left-small:1.92%;\"><div class=\"fusion-column-wrapper fusion-flex-justify-content-flex-start fusion-content-layout-column\"><div class=\"fusion-text fusion-text-1\"><h2>AKTUALNO\u015aCI I WYDARZENIA<\/h2>\n<\/div><div class=\"fusion-text fusion-text-2\"><p>Aktualne informacje z \u017cycia parafii: wydarzenia, kt\u00f3re dopiero przed nami oraz relacje z wa\u017cnych moment\u00f3w, a tak\u017ce og\u0142oszenia duszpasterskie.<\/p>\n<\/div><div class=\"fusion-separator fusion-full-width-sep\" style=\"align-self: center;margin-left: auto;margin-right: auto;width:100%;\"><div class=\"fusion-separator-border sep-double\" style=\"--awb-height:20px;--awb-amount:20px;border-color:var(--awb-color3);border-top-width:1px;border-bottom-width:1px;\"><\/div><\/div><div class=\"fusion-blog-shortcode fusion-blog-shortcode-1 fusion-blog-archive fusion-blog-layout-medium fusion-blog-pagination\"><div class=\"fusion-posts-container fusion-posts-container-pagination fusion-blog-rollover\" data-pages=\"5\"><article id=\"blog-1-post-2839\" class=\"fusion-post-medium post-2839 post type-post status-publish format-standard has-post-thumbnail hentry category-ogloszenia-parafialne\">\n\t<style type=\"text\/css\">\n\t\t\n\t\t\n\t\t\n\t\t\n\t\t\t<\/style>\n\n\n\t\t\t<div class=\"fusion-flexslider flexslider fusion-flexslider-loading fusion-post-slideshow\" style=\"\">\n\t\t<ul class=\"slides\">\n\t\t\t\n\t\t\t\t\t\t\t\t\t\t\t\t\t\t<li><div  class=\"fusion-image-wrapper fusion-image-size-fixed\" aria-haspopup=\"true\">\n\t\t\t\t<img decoding=\"async\" width=\"320\" height=\"202\" src=\"https:\/\/klasztorwieliczka.pl\/wp-content\/uploads\/2015\/09\/fot.-Mariusz-Wloch-Fotodron-320x202.jpg\" class=\"attachment-blog-medium size-blog-medium lazyload wp-post-image\" alt=\"\" srcset=\"data:image\/svg+xml,%3Csvg%20xmlns%3D%27http%3A%2F%2Fwww.w3.org%2F2000%2Fsvg%27%20width%3D%271080%27%20height%3D%27720%27%20viewBox%3D%270%200%201080%20720%27%3E%3Crect%20width%3D%271080%27%20height%3D%27720%27%20fill-opacity%3D%220%22%2F%3E%3C%2Fsvg%3E\" data-orig-src=\"https:\/\/klasztorwieliczka.pl\/wp-content\/uploads\/2015\/09\/fot.-Mariusz-Wloch-Fotodron-320x202.jpg\" data-srcset=\"https:\/\/klasztorwieliczka.pl\/wp-content\/uploads\/2015\/09\/fot.-Mariusz-Wloch-Fotodron-320x202.jpg 320w, https:\/\/klasztorwieliczka.pl\/wp-content\/uploads\/2015\/09\/fot.-Mariusz-Wloch-Fotodron-700x441.jpg 700w\" data-sizes=\"auto\" \/><div class=\"fusion-rollover\">\n\t<div class=\"fusion-rollover-content\">\n\n\t\t\t\t\t\t\t\t\t\t\t\t\t\t<a class=\"fusion-rollover-link\" href=\"https:\/\/klasztorwieliczka.pl\/index.php\/2026\/05\/16\/ogloszenia-parafialne-17-05-2026\/\">Og\u0142oszenia parafialne | 17.05.2026<\/a>\n\t\t\t\n\t\t\t\t\t\t\t\t\n\t\t\n\t\t\t\t\t\t\t\t\n\t\t\t\t\t\t\t\t\n\t\t\n\t\t\t\t\t\t<a class=\"fusion-link-wrapper\" href=\"https:\/\/klasztorwieliczka.pl\/index.php\/2026\/05\/16\/ogloszenia-parafialne-17-05-2026\/\" aria-label=\"Og\u0142oszenia parafialne | 17.05.2026\"><\/a>\n\t<\/div>\n<\/div>\n<\/div>\n<\/li>\n\t\t\t\n\t\t\t\n\t\t\t\t\t\t\t\t\t\t\t\t\t\t\t\t\t\t\t\t\t\t\t\t\t\t\t\t\t\t\t\t\t\t\t\t\t\t\t\t\t\t\t\t\t\t\t\t\t\t\t\t\t\t\t\t\t\t\t\t\t\t\t\t\t\t\t\t<\/ul>\n\t<\/div>\n\t<div class=\"fusion-post-content post-content\"><h2 class=\"blog-shortcode-post-title entry-title\"><a href=\"https:\/\/klasztorwieliczka.pl\/index.php\/2026\/05\/16\/ogloszenia-parafialne-17-05-2026\/\">Og\u0142oszenia parafialne | 17.05.2026<\/a><\/h2><div class=\"fusion-post-content-container\"><p>OG\u0141OSZENIA PARAFIALNE NIEDZIELA WNIEBOWST\u0104PIENIA PA\u0143SKIEGO | 17.05.2026 \u00a0 1. Prze\u017cywamy dzi\u015b uroczysto\u015b\u0107 Wniebowst\u0105pienia Pa\u0144skiego, kt\u00f3ra przypomina nam, \u017ce Chrystus, wst\u0119puj\u0105c do nieba, pozostaje nadal obecny po\u015br\u00f3d swojego ludu i posy\u0142a nas, aby\u015bmy odwa\u017cnie dawali \u015bwiadectwo<\/p><\/div><\/div><div class=\"fusion-clearfix\"><\/div><div class=\"fusion-meta-info\"><div class=\"fusion-alignleft\"><span class=\"vcard\" style=\"display: none;\"><span class=\"fn\"><a href=\"https:\/\/klasztorwieliczka.pl\/index.php\/author\/maciej\/\" title=\"Wpisy od Maciej Sobol\" rel=\"author\">Maciej Sobol<\/a><\/span><\/span><span class=\"updated\" style=\"display:none;\">2026-05-16T20:30:02+00:00<\/span><span>16 maja, 2026<\/span><span class=\"fusion-inline-sep\">|<\/span>Categories: <a href=\"https:\/\/klasztorwieliczka.pl\/index.php\/category\/ogloszenia-parafialne\/\" rel=\"category tag\">Og\u0142oszenia parafialne<\/a><span class=\"fusion-inline-sep\">|<\/span><\/div><\/div><\/article>\n<article id=\"blog-1-post-2793\" class=\"fusion-post-medium post-2793 post type-post status-publish format-standard has-post-thumbnail hentry category-ogloszenia-parafialne\">\n\t<style type=\"text\/css\">\n\t\t\n\t\t\n\t\t\n\t\t\n\t\t\t<\/style>\n\n\n\t\t\t<div class=\"fusion-flexslider flexslider fusion-flexslider-loading fusion-post-slideshow\" style=\"\">\n\t\t<ul class=\"slides\">\n\t\t\t\n\t\t\t\t\t\t\t\t\t\t\t\t\t\t<li><div  class=\"fusion-image-wrapper fusion-image-size-fixed\" aria-haspopup=\"true\">\n\t\t\t\t<img decoding=\"async\" width=\"320\" height=\"202\" src=\"https:\/\/klasztorwieliczka.pl\/wp-content\/uploads\/2015\/09\/fot.-Mariusz-Wloch-Fotodron-320x202.jpg\" class=\"attachment-blog-medium size-blog-medium lazyload wp-post-image\" alt=\"\" srcset=\"data:image\/svg+xml,%3Csvg%20xmlns%3D%27http%3A%2F%2Fwww.w3.org%2F2000%2Fsvg%27%20width%3D%271080%27%20height%3D%27720%27%20viewBox%3D%270%200%201080%20720%27%3E%3Crect%20width%3D%271080%27%20height%3D%27720%27%20fill-opacity%3D%220%22%2F%3E%3C%2Fsvg%3E\" data-orig-src=\"https:\/\/klasztorwieliczka.pl\/wp-content\/uploads\/2015\/09\/fot.-Mariusz-Wloch-Fotodron-320x202.jpg\" data-srcset=\"https:\/\/klasztorwieliczka.pl\/wp-content\/uploads\/2015\/09\/fot.-Mariusz-Wloch-Fotodron-320x202.jpg 320w, https:\/\/klasztorwieliczka.pl\/wp-content\/uploads\/2015\/09\/fot.-Mariusz-Wloch-Fotodron-700x441.jpg 700w\" data-sizes=\"auto\" \/><div class=\"fusion-rollover\">\n\t<div class=\"fusion-rollover-content\">\n\n\t\t\t\t\t\t\t\t\t\t\t\t\t\t<a class=\"fusion-rollover-link\" href=\"https:\/\/klasztorwieliczka.pl\/index.php\/2026\/05\/10\/ogloszenia-parafialne-10-05-2026\/\">Og\u0142oszenia parafialne | 10.05.2026<\/a>\n\t\t\t\n\t\t\t\t\t\t\t\t\n\t\t\n\t\t\t\t\t\t\t\t\n\t\t\t\t\t\t\t\t\n\t\t\n\t\t\t\t\t\t<a class=\"fusion-link-wrapper\" href=\"https:\/\/klasztorwieliczka.pl\/index.php\/2026\/05\/10\/ogloszenia-parafialne-10-05-2026\/\" aria-label=\"Og\u0142oszenia parafialne | 10.05.2026\"><\/a>\n\t<\/div>\n<\/div>\n<\/div>\n<\/li>\n\t\t\t\n\t\t\t\n\t\t\t\t\t\t\t\t\t\t\t\t\t\t\t\t\t\t\t\t\t\t\t\t\t\t\t\t\t\t\t\t\t\t\t\t\t\t\t\t\t\t\t\t\t\t\t\t\t\t\t\t\t\t\t\t\t\t\t\t\t\t\t\t\t\t\t\t<\/ul>\n\t<\/div>\n\t<div class=\"fusion-post-content post-content\"><h2 class=\"blog-shortcode-post-title entry-title\"><a href=\"https:\/\/klasztorwieliczka.pl\/index.php\/2026\/05\/10\/ogloszenia-parafialne-10-05-2026\/\">Og\u0142oszenia parafialne | 10.05.2026<\/a><\/h2><div class=\"fusion-post-content-container\"><p>OG\u0141OSZENIA PARAFIALNE VI NIEDZIELA WIELKANOCNA | 10.05.2026 1. Prze\u017cywamy dzi\u015b VI Niedziel\u0119 Wielkanocn\u0105. W dzisiejszej Ewangelii Pan Jezus m\u00f3wi do swoich uczni\u00f3w: \u201eJe\u015bli Mnie kto mi\u0142uje, b\u0119dzie zachowywa\u0142 moj\u0105 nauk\u0119\u201d. Chrystus przypomina nam, \u017ce prawdziwa<\/p><\/div><\/div><div class=\"fusion-clearfix\"><\/div><div class=\"fusion-meta-info\"><div class=\"fusion-alignleft\"><span class=\"vcard\" style=\"display: none;\"><span class=\"fn\"><a href=\"https:\/\/klasztorwieliczka.pl\/index.php\/author\/maciej\/\" title=\"Wpisy od Maciej Sobol\" rel=\"author\">Maciej Sobol<\/a><\/span><\/span><span class=\"updated\" style=\"display:none;\">2026-05-10T18:40:33+00:00<\/span><span>10 maja, 2026<\/span><span class=\"fusion-inline-sep\">|<\/span>Categories: <a href=\"https:\/\/klasztorwieliczka.pl\/index.php\/category\/ogloszenia-parafialne\/\" rel=\"category tag\">Og\u0142oszenia parafialne<\/a><span class=\"fusion-inline-sep\">|<\/span><\/div><\/div><\/article>\n<article id=\"blog-1-post-2784\" class=\"fusion-post-medium post-2784 post type-post status-publish format-standard has-post-thumbnail hentry category-ogloszenia-parafialne\">\n\t<style type=\"text\/css\">\n\t\t\n\t\t\n\t\t\n\t\t\n\t\t\t<\/style>\n\n\n\t\t\t<div class=\"fusion-flexslider flexslider fusion-flexslider-loading fusion-post-slideshow\" style=\"\">\n\t\t<ul class=\"slides\">\n\t\t\t\n\t\t\t\t\t\t\t\t\t\t\t\t\t\t<li><div  class=\"fusion-image-wrapper fusion-image-size-fixed\" aria-haspopup=\"true\">\n\t\t\t\t<img decoding=\"async\" width=\"320\" height=\"202\" src=\"https:\/\/klasztorwieliczka.pl\/wp-content\/uploads\/2015\/09\/fot.-Mariusz-Wloch-Fotodron-320x202.jpg\" class=\"attachment-blog-medium size-blog-medium lazyload wp-post-image\" alt=\"\" srcset=\"data:image\/svg+xml,%3Csvg%20xmlns%3D%27http%3A%2F%2Fwww.w3.org%2F2000%2Fsvg%27%20width%3D%271080%27%20height%3D%27720%27%20viewBox%3D%270%200%201080%20720%27%3E%3Crect%20width%3D%271080%27%20height%3D%27720%27%20fill-opacity%3D%220%22%2F%3E%3C%2Fsvg%3E\" data-orig-src=\"https:\/\/klasztorwieliczka.pl\/wp-content\/uploads\/2015\/09\/fot.-Mariusz-Wloch-Fotodron-320x202.jpg\" data-srcset=\"https:\/\/klasztorwieliczka.pl\/wp-content\/uploads\/2015\/09\/fot.-Mariusz-Wloch-Fotodron-320x202.jpg 320w, https:\/\/klasztorwieliczka.pl\/wp-content\/uploads\/2015\/09\/fot.-Mariusz-Wloch-Fotodron-700x441.jpg 700w\" data-sizes=\"auto\" \/><div class=\"fusion-rollover\">\n\t<div class=\"fusion-rollover-content\">\n\n\t\t\t\t\t\t\t\t\t\t\t\t\t\t<a class=\"fusion-rollover-link\" href=\"https:\/\/klasztorwieliczka.pl\/index.php\/2026\/05\/04\/ogloszenia-parafialne-3-05-2026\/\">Og\u0142oszenia parafialne | 3.05.2026<\/a>\n\t\t\t\n\t\t\t\t\t\t\t\t\n\t\t\n\t\t\t\t\t\t\t\t\n\t\t\t\t\t\t\t\t\n\t\t\n\t\t\t\t\t\t<a class=\"fusion-link-wrapper\" href=\"https:\/\/klasztorwieliczka.pl\/index.php\/2026\/05\/04\/ogloszenia-parafialne-3-05-2026\/\" aria-label=\"Og\u0142oszenia parafialne | 3.05.2026\"><\/a>\n\t<\/div>\n<\/div>\n<\/div>\n<\/li>\n\t\t\t\n\t\t\t\n\t\t\t\t\t\t\t\t\t\t\t\t\t\t\t\t\t\t\t\t\t\t\t\t\t\t\t\t\t\t\t\t\t\t\t\t\t\t\t\t\t\t\t\t\t\t\t\t\t\t\t\t\t\t\t\t\t\t\t\t\t\t\t\t\t\t\t\t<\/ul>\n\t<\/div>\n\t<div class=\"fusion-post-content post-content\"><h2 class=\"blog-shortcode-post-title entry-title\"><a href=\"https:\/\/klasztorwieliczka.pl\/index.php\/2026\/05\/04\/ogloszenia-parafialne-3-05-2026\/\">Og\u0142oszenia parafialne | 3.05.2026<\/a><\/h2><div class=\"fusion-post-content-container\"><p>OG\u0141OSZENIA PARAFIALNE | V NIEDZIELA WIELKANOCNA | 3.05.2026 1. Prze\u017cywamy V Niedziel\u0119 Wielkanocy, kt\u00f3ra jest r\u00f3wnie\u017c pierwsz\u0105 niedziel\u0105 miesi\u0105ca \u2013 niedziel\u0105 adoracyjn\u0105. Po ka\u017cdej Mszy \u015awi\u0119tej zapraszamy na adoracj\u0119 Naj\u015bwi\u0119tszego Sakramentu. W dzisiejszej Ewangelii Jezus<\/p><\/div><\/div><div class=\"fusion-clearfix\"><\/div><div class=\"fusion-meta-info\"><div class=\"fusion-alignleft\"><span class=\"vcard\" style=\"display: none;\"><span class=\"fn\"><a href=\"https:\/\/klasztorwieliczka.pl\/index.php\/author\/maciej\/\" title=\"Wpisy od Maciej Sobol\" rel=\"author\">Maciej Sobol<\/a><\/span><\/span><span class=\"updated\" style=\"display:none;\">2026-05-04T20:18:09+00:00<\/span><span>4 maja, 2026<\/span><span class=\"fusion-inline-sep\">|<\/span>Categories: <a href=\"https:\/\/klasztorwieliczka.pl\/index.php\/category\/ogloszenia-parafialne\/\" rel=\"category tag\">Og\u0142oszenia parafialne<\/a><span class=\"fusion-inline-sep\">|<\/span><\/div><\/div><\/article>\n<article id=\"blog-1-post-2782\" class=\"fusion-post-medium post-2782 post type-post status-publish format-standard has-post-thumbnail hentry category-ogloszenia-parafialne\">\n\t<style type=\"text\/css\">\n\t\t\n\t\t\n\t\t\n\t\t\n\t\t\t<\/style>\n\n\n\t\t\t<div class=\"fusion-flexslider flexslider fusion-flexslider-loading fusion-post-slideshow\" style=\"\">\n\t\t<ul class=\"slides\">\n\t\t\t\n\t\t\t\t\t\t\t\t\t\t\t\t\t\t<li><div  class=\"fusion-image-wrapper fusion-image-size-fixed\" aria-haspopup=\"true\">\n\t\t\t\t<img decoding=\"async\" width=\"320\" height=\"202\" src=\"https:\/\/klasztorwieliczka.pl\/wp-content\/uploads\/2015\/09\/fot.-Mariusz-Wloch-Fotodron-320x202.jpg\" class=\"attachment-blog-medium size-blog-medium lazyload wp-post-image\" alt=\"\" srcset=\"data:image\/svg+xml,%3Csvg%20xmlns%3D%27http%3A%2F%2Fwww.w3.org%2F2000%2Fsvg%27%20width%3D%271080%27%20height%3D%27720%27%20viewBox%3D%270%200%201080%20720%27%3E%3Crect%20width%3D%271080%27%20height%3D%27720%27%20fill-opacity%3D%220%22%2F%3E%3C%2Fsvg%3E\" data-orig-src=\"https:\/\/klasztorwieliczka.pl\/wp-content\/uploads\/2015\/09\/fot.-Mariusz-Wloch-Fotodron-320x202.jpg\" data-srcset=\"https:\/\/klasztorwieliczka.pl\/wp-content\/uploads\/2015\/09\/fot.-Mariusz-Wloch-Fotodron-320x202.jpg 320w, https:\/\/klasztorwieliczka.pl\/wp-content\/uploads\/2015\/09\/fot.-Mariusz-Wloch-Fotodron-700x441.jpg 700w\" data-sizes=\"auto\" \/><div class=\"fusion-rollover\">\n\t<div class=\"fusion-rollover-content\">\n\n\t\t\t\t\t\t\t\t\t\t\t\t\t\t<a class=\"fusion-rollover-link\" href=\"https:\/\/klasztorwieliczka.pl\/index.php\/2026\/04\/26\/ogloszenia-parafialne-26-04-2026\/\">Og\u0142oszenia parafialne | 26.04.2026<\/a>\n\t\t\t\n\t\t\t\t\t\t\t\t\n\t\t\n\t\t\t\t\t\t\t\t\n\t\t\t\t\t\t\t\t\n\t\t\n\t\t\t\t\t\t<a class=\"fusion-link-wrapper\" href=\"https:\/\/klasztorwieliczka.pl\/index.php\/2026\/04\/26\/ogloszenia-parafialne-26-04-2026\/\" aria-label=\"Og\u0142oszenia parafialne | 26.04.2026\"><\/a>\n\t<\/div>\n<\/div>\n<\/div>\n<\/li>\n\t\t\t\n\t\t\t\n\t\t\t\t\t\t\t\t\t\t\t\t\t\t\t\t\t\t\t\t\t\t\t\t\t\t\t\t\t\t\t\t\t\t\t\t\t\t\t\t\t\t\t\t\t\t\t\t\t\t\t\t\t\t\t\t\t\t\t\t\t\t\t\t\t\t\t\t<\/ul>\n\t<\/div>\n\t<div class=\"fusion-post-content post-content\"><h2 class=\"blog-shortcode-post-title entry-title\"><a href=\"https:\/\/klasztorwieliczka.pl\/index.php\/2026\/04\/26\/ogloszenia-parafialne-26-04-2026\/\">Og\u0142oszenia parafialne | 26.04.2026<\/a><\/h2><div class=\"fusion-post-content-container\"><p>OG\u0141OSZENIA PARAFIALNE NIEDZIELA DOBREGO PASTERZA | 26.04.2026 \u00a0 1. Prze\u017cywamy IV Niedziel\u0119 Wielkanocy, kt\u00f3r\u0105 nazywamy Niedziel\u0105 Dobrego Pasterza. Liturgia S\u0142owa ukazuje nam Jezusa jako Tego, kt\u00f3ry zna swoje owce, prowadzi je i oddaje za nie<\/p><\/div><\/div><div class=\"fusion-clearfix\"><\/div><div class=\"fusion-meta-info\"><div class=\"fusion-alignleft\"><span class=\"vcard\" style=\"display: none;\"><span class=\"fn\"><a href=\"https:\/\/klasztorwieliczka.pl\/index.php\/author\/maciej\/\" title=\"Wpisy od Maciej Sobol\" rel=\"author\">Maciej Sobol<\/a><\/span><\/span><span class=\"updated\" style=\"display:none;\">2026-04-26T20:26:02+00:00<\/span><span>26 kwietnia, 2026<\/span><span class=\"fusion-inline-sep\">|<\/span>Categories: <a href=\"https:\/\/klasztorwieliczka.pl\/index.php\/category\/ogloszenia-parafialne\/\" rel=\"category tag\">Og\u0142oszenia parafialne<\/a><span class=\"fusion-inline-sep\">|<\/span><\/div><\/div><\/article>\n<article id=\"blog-1-post-2779\" class=\"fusion-post-medium post-2779 post type-post status-publish format-standard has-post-thumbnail hentry category-ogloszenia-parafialne\">\n\t<style type=\"text\/css\">\n\t\t\n\t\t\n\t\t\n\t\t\n\t\t\t<\/style>\n\n\n\t\t\t<div class=\"fusion-flexslider flexslider fusion-flexslider-loading fusion-post-slideshow\" style=\"\">\n\t\t<ul class=\"slides\">\n\t\t\t\n\t\t\t\t\t\t\t\t\t\t\t\t\t\t<li><div  class=\"fusion-image-wrapper fusion-image-size-fixed\" aria-haspopup=\"true\">\n\t\t\t\t<img decoding=\"async\" width=\"320\" height=\"202\" src=\"https:\/\/klasztorwieliczka.pl\/wp-content\/uploads\/2015\/09\/fot.-Mariusz-Wloch-Fotodron-320x202.jpg\" class=\"attachment-blog-medium size-blog-medium lazyload wp-post-image\" alt=\"\" srcset=\"data:image\/svg+xml,%3Csvg%20xmlns%3D%27http%3A%2F%2Fwww.w3.org%2F2000%2Fsvg%27%20width%3D%271080%27%20height%3D%27720%27%20viewBox%3D%270%200%201080%20720%27%3E%3Crect%20width%3D%271080%27%20height%3D%27720%27%20fill-opacity%3D%220%22%2F%3E%3C%2Fsvg%3E\" data-orig-src=\"https:\/\/klasztorwieliczka.pl\/wp-content\/uploads\/2015\/09\/fot.-Mariusz-Wloch-Fotodron-320x202.jpg\" data-srcset=\"https:\/\/klasztorwieliczka.pl\/wp-content\/uploads\/2015\/09\/fot.-Mariusz-Wloch-Fotodron-320x202.jpg 320w, https:\/\/klasztorwieliczka.pl\/wp-content\/uploads\/2015\/09\/fot.-Mariusz-Wloch-Fotodron-700x441.jpg 700w\" data-sizes=\"auto\" \/><div class=\"fusion-rollover\">\n\t<div class=\"fusion-rollover-content\">\n\n\t\t\t\t\t\t\t\t\t\t\t\t\t\t<a class=\"fusion-rollover-link\" href=\"https:\/\/klasztorwieliczka.pl\/index.php\/2026\/04\/10\/ogloszenia-parafialne-5-04-2026\/\">Og\u0142oszenia parafialne | 5.04.2026<\/a>\n\t\t\t\n\t\t\t\t\t\t\t\t\n\t\t\n\t\t\t\t\t\t\t\t\n\t\t\t\t\t\t\t\t\n\t\t\n\t\t\t\t\t\t<a class=\"fusion-link-wrapper\" href=\"https:\/\/klasztorwieliczka.pl\/index.php\/2026\/04\/10\/ogloszenia-parafialne-5-04-2026\/\" aria-label=\"Og\u0142oszenia parafialne | 5.04.2026\"><\/a>\n\t<\/div>\n<\/div>\n<\/div>\n<\/li>\n\t\t\t\n\t\t\t\n\t\t\t\t\t\t\t\t\t\t\t\t\t\t\t\t\t\t\t\t\t\t\t\t\t\t\t\t\t\t\t\t\t\t\t\t\t\t\t\t\t\t\t\t\t\t\t\t\t\t\t\t\t\t\t\t\t\t\t\t\t\t\t\t\t\t\t\t<\/ul>\n\t<\/div>\n\t<div class=\"fusion-post-content post-content\"><h2 class=\"blog-shortcode-post-title entry-title\"><a href=\"https:\/\/klasztorwieliczka.pl\/index.php\/2026\/04\/10\/ogloszenia-parafialne-5-04-2026\/\">Og\u0142oszenia parafialne | 5.04.2026<\/a><\/h2><div class=\"fusion-post-content-container\"><p>\ud83d\udce2 OG\u0141OSZENIA PARAFIALNE NIEDZIELA ZMARTWYCHWSTANIA PA\u0143SKIEGO | 05.04.2026 \u00a0 1. Trwaj\u0105c w rado\u015bci Zmartwychwstania Pa\u0144skiego, Ko\u015bci\u00f3\u0142 prowadzi nas ku jeszcze g\u0142\u0119bszemu odkryciu tajemnicy Bo\u017cego mi\u0142osierdzia, kt\u00f3re objawi\u0142o si\u0119 \u015bwiatu w Chrystusie ukrzy\u017cowanym i zmartwychwsta\u0142ym. \u00a0<\/p><\/div><\/div><div class=\"fusion-clearfix\"><\/div><div class=\"fusion-meta-info\"><div class=\"fusion-alignleft\"><span class=\"vcard\" style=\"display: none;\"><span class=\"fn\"><a href=\"https:\/\/klasztorwieliczka.pl\/index.php\/author\/maciej\/\" title=\"Wpisy od Maciej Sobol\" rel=\"author\">Maciej Sobol<\/a><\/span><\/span><span class=\"updated\" style=\"display:none;\">2026-04-10T18:06:06+00:00<\/span><span>10 kwietnia, 2026<\/span><span class=\"fusion-inline-sep\">|<\/span>Categories: <a href=\"https:\/\/klasztorwieliczka.pl\/index.php\/category\/ogloszenia-parafialne\/\" rel=\"category tag\">Og\u0142oszenia parafialne<\/a><span class=\"fusion-inline-sep\">|<\/span><\/div><\/div><\/article>\n<article id=\"blog-1-post-2775\" class=\"fusion-post-medium post-2775 post type-post status-publish format-standard has-post-thumbnail hentry category-ogloszenia-parafialne\">\n\t<style type=\"text\/css\">\n\t\t\n\t\t\n\t\t\n\t\t\n\t\t\t<\/style>\n\n\n\t\t\t<div class=\"fusion-flexslider flexslider fusion-flexslider-loading fusion-post-slideshow\" style=\"\">\n\t\t<ul class=\"slides\">\n\t\t\t\n\t\t\t\t\t\t\t\t\t\t\t\t\t\t<li><div  class=\"fusion-image-wrapper fusion-image-size-fixed\" aria-haspopup=\"true\">\n\t\t\t\t<img decoding=\"async\" width=\"320\" height=\"202\" src=\"https:\/\/klasztorwieliczka.pl\/wp-content\/uploads\/2015\/09\/fot.-Mariusz-Wloch-Fotodron-320x202.jpg\" class=\"attachment-blog-medium size-blog-medium lazyload wp-post-image\" alt=\"\" srcset=\"data:image\/svg+xml,%3Csvg%20xmlns%3D%27http%3A%2F%2Fwww.w3.org%2F2000%2Fsvg%27%20width%3D%271080%27%20height%3D%27720%27%20viewBox%3D%270%200%201080%20720%27%3E%3Crect%20width%3D%271080%27%20height%3D%27720%27%20fill-opacity%3D%220%22%2F%3E%3C%2Fsvg%3E\" data-orig-src=\"https:\/\/klasztorwieliczka.pl\/wp-content\/uploads\/2015\/09\/fot.-Mariusz-Wloch-Fotodron-320x202.jpg\" data-srcset=\"https:\/\/klasztorwieliczka.pl\/wp-content\/uploads\/2015\/09\/fot.-Mariusz-Wloch-Fotodron-320x202.jpg 320w, https:\/\/klasztorwieliczka.pl\/wp-content\/uploads\/2015\/09\/fot.-Mariusz-Wloch-Fotodron-700x441.jpg 700w\" data-sizes=\"auto\" \/><div class=\"fusion-rollover\">\n\t<div class=\"fusion-rollover-content\">\n\n\t\t\t\t\t\t\t\t\t\t\t\t\t\t<a class=\"fusion-rollover-link\" href=\"https:\/\/klasztorwieliczka.pl\/index.php\/2026\/03\/30\/ogloszenia-parafialne-29-03-2026\/\">Og\u0142oszenia parafialne | 29.03.2026<\/a>\n\t\t\t\n\t\t\t\t\t\t\t\t\n\t\t\n\t\t\t\t\t\t\t\t\n\t\t\t\t\t\t\t\t\n\t\t\n\t\t\t\t\t\t<a class=\"fusion-link-wrapper\" href=\"https:\/\/klasztorwieliczka.pl\/index.php\/2026\/03\/30\/ogloszenia-parafialne-29-03-2026\/\" aria-label=\"Og\u0142oszenia parafialne | 29.03.2026\"><\/a>\n\t<\/div>\n<\/div>\n<\/div>\n<\/li>\n\t\t\t\n\t\t\t\n\t\t\t\t\t\t\t\t\t\t\t\t\t\t\t\t\t\t\t\t\t\t\t\t\t\t\t\t\t\t\t\t\t\t\t\t\t\t\t\t\t\t\t\t\t\t\t\t\t\t\t\t\t\t\t\t\t\t\t\t\t\t\t\t\t\t\t\t<\/ul>\n\t<\/div>\n\t<div class=\"fusion-post-content post-content\"><h2 class=\"blog-shortcode-post-title entry-title\"><a href=\"https:\/\/klasztorwieliczka.pl\/index.php\/2026\/03\/30\/ogloszenia-parafialne-29-03-2026\/\">Og\u0142oszenia parafialne | 29.03.2026<\/a><\/h2><div class=\"fusion-post-content-container\"><p>OG\u0141OSZENIA PARAFIALNE NIEDZIELA PALMOWA M\u0118KI PA\u0143SKIEJ | 29.03.2026 1. Dzisiejsza NIEDZIELA PALMOWA wprowadza nas w najwa\u017cniejszy czas w roku liturgicznym. Wspominaj\u0105c uroczysty wjazd Pana Jezusa do Jerozolimy, chcemy i my towarzyszy\u0107 Mu w drodze ku<\/p><\/div><\/div><div class=\"fusion-clearfix\"><\/div><div class=\"fusion-meta-info\"><div class=\"fusion-alignleft\"><span class=\"vcard\" style=\"display: none;\"><span class=\"fn\"><a href=\"https:\/\/klasztorwieliczka.pl\/index.php\/author\/maciej\/\" title=\"Wpisy od Maciej Sobol\" rel=\"author\">Maciej Sobol<\/a><\/span><\/span><span class=\"updated\" style=\"display:none;\">2026-03-30T16:35:33+00:00<\/span><span>30 marca, 2026<\/span><span class=\"fusion-inline-sep\">|<\/span>Categories: <a href=\"https:\/\/klasztorwieliczka.pl\/index.php\/category\/ogloszenia-parafialne\/\" rel=\"category tag\">Og\u0142oszenia parafialne<\/a><span class=\"fusion-inline-sep\">|<\/span><\/div><\/div><\/article>\n<\/div><div class=\"pagination clearfix\"><span class=\"current\">1<\/span><a href=\"https:\/\/klasztorwieliczka.pl\/index.php\/wp-json\/wp\/v2\/pages\/2270\/page\/2\/\" class=\"inactive\">2<\/a><a class=\"pagination-next\" rel=\"next\" href=\"https:\/\/klasztorwieliczka.pl\/index.php\/wp-json\/wp\/v2\/pages\/2270\/page\/2\/\"><span class=\"page-text\">Next<\/span><span class=\"page-next\"><\/span><\/a><\/div><div class=\"fusion-clearfix\"><\/div><\/div><div class=\"fusion-events-shortcode fusion-events-shortcode-1\" style=\"margin-left: -26.5px;margin-right: -26.5px;\"><div class=\"fusion-events-wrapper\" data-pages=\"1\"><div class=\"fusion-events-post fusion-spacing-no fusion-one-third fusion-layout-column\" style=\"padding:26.5px\"><div class=\"fusion-column-wrapper\"><div class=\"fusion-events-thumbnail hover-type-none\"><a href=\"https:\/\/klasztorwieliczka.pl\/index.php\/event\/koncert-niebianskie-ogrody-2026\/\" class=\"url\" rel=\"bookmark\" aria-label=\"Koncert Niebia\u0144skie Ogrody\"><span class=\"tribe-events-event-image\" style=\"background-image: url(https:\/\/klasztorwieliczka.pl\/wp-content\/uploads\/2026\/05\/WYSTAWA-MULTIMEDIALNA-O-SLUDZE-BOZYM-BRACIE-ALOJZYM-KOSIBIE_20260516_223458_0000.png); -webkit-background-size: cover; background-size: cover; background-position: center center;\"><\/span><\/a><\/div><div class=\"fusion-events-content-wrapper\" style=\"padding:20px 20px 20px 20px;\"><div class=\"fusion-events-meta\"><h2><a href=\"https:\/\/klasztorwieliczka.pl\/index.php\/event\/koncert-niebianskie-ogrody-2026\/\" class=\"url\" rel=\"bookmark\">Koncert Niebia\u0144skie Ogrody<\/a><\/h2><h4><span class=\"tribe-event-date-start\">24 maja @ 4:00 pm<\/span> - <span class=\"tribe-event-time\">6:00 pm<\/span><\/h4><\/div><\/div><\/div><\/div><div class=\"fusion-clearfix\"><\/div><\/div><\/div><\/div><\/div><\/div><\/div>\n","protected":false},"excerpt":{"rendered":"","protected":false},"author":5,"featured_media":0,"parent":0,"menu_order":0,"comment_status":"closed","ping_status":"closed","template":"","meta":{"footnotes":""},"class_list":["post-2270","page","type-page","status-publish","hentry"],"_links":{"self":[{"href":"https:\/\/klasztorwieliczka.pl\/index.php\/wp-json\/wp\/v2\/pages\/2270","targetHints":{"allow":["GET"]}}],"collection":[{"href":"https:\/\/klasztorwieliczka.pl\/index.php\/wp-json\/wp\/v2\/pages"}],"about":[{"href":"https:\/\/klasztorwieliczka.pl\/index.php\/wp-json\/wp\/v2\/types\/page"}],"author":[{"embeddable":true,"href":"https:\/\/klasztorwieliczka.pl\/index.php\/wp-json\/wp\/v2\/users\/5"}],"replies":[{"embeddable":true,"href":"https:\/\/klasztorwieliczka.pl\/index.php\/wp-json\/wp\/v2\/comments?post=2270"}],"version-history":[{"count":3,"href":"https:\/\/klasztorwieliczka.pl\/index.php\/wp-json\/wp\/v2\/pages\/2270\/revisions"}],"predecessor-version":[{"id":2435,"href":"https:\/\/klasztorwieliczka.pl\/index.php\/wp-json\/wp\/v2\/pages\/2270\/revisions\/2435"}],"wp:attachment":[{"href":"https:\/\/klasztorwieliczka.pl\/index.php\/wp-json\/wp\/v2\/media?parent=2270"}],"curies":[{"name":"wp","href":"https:\/\/api.w.org\/{rel}","templated":true}]}}