{"id":2279,"date":"2025-11-05T07:45:09","date_gmt":"2025-11-05T07:45:09","guid":{"rendered":"https:\/\/klasztorwieliczka.pl\/?page_id=2279"},"modified":"2025-11-12T14:18:40","modified_gmt":"2025-11-12T14:18:40","slug":"inicjatywy","status":"publish","type":"page","link":"https:\/\/klasztorwieliczka.pl\/index.php\/inicjatywy\/","title":{"rendered":"INICJATYWY"},"content":{"rendered":"<div class=\"fusion-fullwidth fullwidth-box fusion-builder-row-1 fusion-flex-container nonhundred-percent-fullwidth non-hundred-percent-height-scrolling\" style=\"--awb-border-radius-top-left:0px;--awb-border-radius-top-right:0px;--awb-border-radius-bottom-right:0px;--awb-border-radius-bottom-left:0px;--awb-flex-wrap:wrap;\" ><div class=\"fusion-builder-row fusion-row fusion-flex-align-items-flex-start fusion-flex-content-wrap\" style=\"max-width:1331.2px;margin-left: calc(-4% \/ 2 );margin-right: calc(-4% \/ 2 );\"><div class=\"fusion-layout-column fusion_builder_column fusion-builder-column-0 fusion_builder_column_1_1 1_1 fusion-flex-column\" style=\"--awb-bg-blend:overlay;--awb-bg-size:cover;--awb-width-large:100%;--awb-margin-top-large:0px;--awb-spacing-right-large:1.92%;--awb-margin-bottom-large:0px;--awb-spacing-left-large:1.92%;--awb-width-medium:100%;--awb-spacing-right-medium:1.92%;--awb-spacing-left-medium:1.92%;--awb-width-small:100%;--awb-spacing-right-small:1.92%;--awb-spacing-left-small:1.92%;\"><div class=\"fusion-column-wrapper fusion-flex-justify-content-flex-start fusion-content-layout-column\"><div class=\"fusion-text fusion-text-1\"><h2>INICJATYWY<\/h2>\n<p>Warto\u015bciowe inicjatywy w naszej parafii, w kt\u00f3re warto si\u0119 w\u0142\u0105czy\u0107. Cho\u0107by sam\u0105 obecno\u015bci\u0105.<\/p>\n<\/div><div class=\"fusion-builder-row fusion-builder-row-inner fusion-row fusion-flex-align-items-flex-start fusion-flex-content-wrap\" style=\"width:104% !important;max-width:104% !important;margin-left: calc(-4% \/ 2 );margin-right: calc(-4% \/ 2 );\"><div class=\"fusion-layout-column fusion_builder_column_inner fusion-builder-nested-column-0 fusion_builder_column_inner_1_3 1_3 fusion-flex-column\" style=\"--awb-bg-size:cover;--awb-width-large:33.333333333333%;--awb-margin-top-large:0px;--awb-spacing-right-large:5.76%;--awb-margin-bottom-large:0px;--awb-spacing-left-large:5.76%;--awb-width-medium:100%;--awb-order-medium:0;--awb-spacing-right-medium:1.92%;--awb-spacing-left-medium:1.92%;--awb-width-small:100%;--awb-order-small:0;--awb-spacing-right-small:1.92%;--awb-spacing-left-small:1.92%;\"><div class=\"fusion-column-wrapper fusion-column-has-shadow fusion-flex-justify-content-flex-start fusion-content-layout-column\"><div class=\"fusion-image-element \" style=\"--awb-caption-title-font-family:var(--h2_typography-font-family);--awb-caption-title-font-weight:var(--h2_typography-font-weight);--awb-caption-title-font-style:var(--h2_typography-font-style);--awb-caption-title-size:var(--h2_typography-font-size);--awb-caption-title-transform:var(--h2_typography-text-transform);--awb-caption-title-line-height:var(--h2_typography-line-height);--awb-caption-title-letter-spacing:var(--h2_typography-letter-spacing);\"><span class=\" fusion-imageframe imageframe-none imageframe-1 hover-type-none\" style=\"border:5px solid var(--awb-color2);\"><a class=\"fusion-no-lightbox\" href=\"https:\/\/klasztorwieliczka.pl\/index.php\/kaplica-wieczystej-adoracji\/\" target=\"_self\" aria-label=\"9\"><img decoding=\"async\" width=\"1080\" height=\"1080\" src=\"https:\/\/klasztorwieliczka.pl\/wp-content\/uploads\/2025\/08\/9.png\" data-orig-src=\"https:\/\/klasztorwieliczka.pl\/wp-content\/uploads\/2025\/08\/9.png\" alt class=\"lazyload img-responsive wp-image-2287\" srcset=\"data:image\/svg+xml,%3Csvg%20xmlns%3D%27http%3A%2F%2Fwww.w3.org%2F2000%2Fsvg%27%20width%3D%271080%27%20height%3D%271080%27%20viewBox%3D%270%200%201080%201080%27%3E%3Crect%20width%3D%271080%27%20height%3D%271080%27%20fill-opacity%3D%220%22%2F%3E%3C%2Fsvg%3E\" data-srcset=\"https:\/\/klasztorwieliczka.pl\/wp-content\/uploads\/2025\/08\/9-200x200.png 200w, https:\/\/klasztorwieliczka.pl\/wp-content\/uploads\/2025\/08\/9-400x400.png 400w, https:\/\/klasztorwieliczka.pl\/wp-content\/uploads\/2025\/08\/9-600x600.png 600w, https:\/\/klasztorwieliczka.pl\/wp-content\/uploads\/2025\/08\/9-800x800.png 800w, https:\/\/klasztorwieliczka.pl\/wp-content\/uploads\/2025\/08\/9.png 1080w\" data-sizes=\"auto\" data-orig-sizes=\"(max-width: 1024px) 100vw, (max-width: 640px) 100vw, 400px\" \/><\/a><\/span><\/div><\/div><\/div><div class=\"fusion-layout-column fusion_builder_column_inner fusion-builder-nested-column-1 fusion_builder_column_inner_1_3 1_3 fusion-flex-column\" style=\"--awb-bg-size:cover;--awb-width-large:33.333333333333%;--awb-margin-top-large:0px;--awb-spacing-right-large:5.76%;--awb-margin-bottom-large:0px;--awb-spacing-left-large:5.76%;--awb-width-medium:100%;--awb-order-medium:0;--awb-spacing-right-medium:1.92%;--awb-spacing-left-medium:1.92%;--awb-width-small:100%;--awb-order-small:0;--awb-spacing-right-small:1.92%;--awb-spacing-left-small:1.92%;\"><div class=\"fusion-column-wrapper fusion-column-has-shadow fusion-flex-justify-content-flex-start fusion-content-layout-column\"><div class=\"fusion-image-element \" style=\"--awb-caption-title-font-family:var(--h2_typography-font-family);--awb-caption-title-font-weight:var(--h2_typography-font-weight);--awb-caption-title-font-style:var(--h2_typography-font-style);--awb-caption-title-size:var(--h2_typography-font-size);--awb-caption-title-transform:var(--h2_typography-text-transform);--awb-caption-title-line-height:var(--h2_typography-line-height);--awb-caption-title-letter-spacing:var(--h2_typography-letter-spacing);\"><span class=\" fusion-imageframe imageframe-none imageframe-2 hover-type-none\" style=\"border:5px solid var(--awb-color2);\"><a class=\"fusion-no-lightbox\" href=\"https:\/\/klasztorwieliczka.pl\/index.php\/nabozenstwo-okrycia-plaszczem-matki-bozej-z-guadalupe\/\" target=\"_self\" aria-label=\"10\"><img decoding=\"async\" width=\"1080\" height=\"1080\" src=\"https:\/\/klasztorwieliczka.pl\/wp-content\/uploads\/2025\/08\/10.png\" data-orig-src=\"https:\/\/klasztorwieliczka.pl\/wp-content\/uploads\/2025\/08\/10.png\" alt class=\"lazyload img-responsive wp-image-2288\" srcset=\"data:image\/svg+xml,%3Csvg%20xmlns%3D%27http%3A%2F%2Fwww.w3.org%2F2000%2Fsvg%27%20width%3D%271080%27%20height%3D%271080%27%20viewBox%3D%270%200%201080%201080%27%3E%3Crect%20width%3D%271080%27%20height%3D%271080%27%20fill-opacity%3D%220%22%2F%3E%3C%2Fsvg%3E\" data-srcset=\"https:\/\/klasztorwieliczka.pl\/wp-content\/uploads\/2025\/08\/10-200x200.png 200w, https:\/\/klasztorwieliczka.pl\/wp-content\/uploads\/2025\/08\/10-400x400.png 400w, https:\/\/klasztorwieliczka.pl\/wp-content\/uploads\/2025\/08\/10-600x600.png 600w, https:\/\/klasztorwieliczka.pl\/wp-content\/uploads\/2025\/08\/10-800x800.png 800w, https:\/\/klasztorwieliczka.pl\/wp-content\/uploads\/2025\/08\/10.png 1080w\" data-sizes=\"auto\" data-orig-sizes=\"(max-width: 1024px) 100vw, (max-width: 640px) 100vw, 400px\" \/><\/a><\/span><\/div><\/div><\/div><div class=\"fusion-layout-column fusion_builder_column_inner fusion-builder-nested-column-2 fusion_builder_column_inner_1_3 1_3 fusion-flex-column\" style=\"--awb-bg-size:cover;--awb-width-large:33.333333333333%;--awb-margin-top-large:0px;--awb-spacing-right-large:5.76%;--awb-margin-bottom-large:0px;--awb-spacing-left-large:5.76%;--awb-width-medium:100%;--awb-order-medium:0;--awb-spacing-right-medium:1.92%;--awb-spacing-left-medium:1.92%;--awb-width-small:100%;--awb-order-small:0;--awb-spacing-right-small:1.92%;--awb-spacing-left-small:1.92%;\"><div class=\"fusion-column-wrapper fusion-column-has-shadow fusion-flex-justify-content-flex-start fusion-content-layout-column\"><div class=\"fusion-image-element \" style=\"--awb-caption-title-font-family:var(--h2_typography-font-family);--awb-caption-title-font-weight:var(--h2_typography-font-weight);--awb-caption-title-font-style:var(--h2_typography-font-style);--awb-caption-title-size:var(--h2_typography-font-size);--awb-caption-title-transform:var(--h2_typography-text-transform);--awb-caption-title-line-height:var(--h2_typography-line-height);--awb-caption-title-letter-spacing:var(--h2_typography-letter-spacing);\"><span class=\" fusion-imageframe imageframe-none imageframe-3 hover-type-none\" style=\"border:5px solid var(--awb-color2);\"><a class=\"fusion-no-lightbox\" href=\"https:\/\/klasztorwieliczka.pl\/index.php\/festyn-franciszkanski\/\" target=\"_self\" aria-label=\"11\"><img decoding=\"async\" width=\"1080\" height=\"1080\" src=\"https:\/\/klasztorwieliczka.pl\/wp-content\/uploads\/2025\/08\/11.png\" data-orig-src=\"https:\/\/klasztorwieliczka.pl\/wp-content\/uploads\/2025\/08\/11.png\" alt class=\"lazyload img-responsive wp-image-2289\" srcset=\"data:image\/svg+xml,%3Csvg%20xmlns%3D%27http%3A%2F%2Fwww.w3.org%2F2000%2Fsvg%27%20width%3D%271080%27%20height%3D%271080%27%20viewBox%3D%270%200%201080%201080%27%3E%3Crect%20width%3D%271080%27%20height%3D%271080%27%20fill-opacity%3D%220%22%2F%3E%3C%2Fsvg%3E\" data-srcset=\"https:\/\/klasztorwieliczka.pl\/wp-content\/uploads\/2025\/08\/11-200x200.png 200w, https:\/\/klasztorwieliczka.pl\/wp-content\/uploads\/2025\/08\/11-400x400.png 400w, https:\/\/klasztorwieliczka.pl\/wp-content\/uploads\/2025\/08\/11-600x600.png 600w, https:\/\/klasztorwieliczka.pl\/wp-content\/uploads\/2025\/08\/11-800x800.png 800w, https:\/\/klasztorwieliczka.pl\/wp-content\/uploads\/2025\/08\/11.png 1080w\" data-sizes=\"auto\" data-orig-sizes=\"(max-width: 1024px) 100vw, (max-width: 640px) 100vw, 400px\" \/><\/a><\/span><\/div><\/div><\/div><\/div><div class=\"fusion-separator fusion-full-width-sep\" style=\"align-self: center;margin-left: auto;margin-right: auto;width:100%;\"><div class=\"fusion-separator-border sep-double\" style=\"--awb-height:20px;--awb-amount:20px;border-color:var(--awb-color3);border-top-width:1px;border-bottom-width:1px;\"><\/div><\/div><\/div><\/div><\/div><\/div>\n","protected":false},"excerpt":{"rendered":"","protected":false},"author":5,"featured_media":0,"parent":0,"menu_order":0,"comment_status":"closed","ping_status":"closed","template":"","meta":{"footnotes":""},"class_list":["post-2279","page","type-page","status-publish","hentry"],"_links":{"self":[{"href":"https:\/\/klasztorwieliczka.pl\/index.php\/wp-json\/wp\/v2\/pages\/2279","targetHints":{"allow":["GET"]}}],"collection":[{"href":"https:\/\/klasztorwieliczka.pl\/index.php\/wp-json\/wp\/v2\/pages"}],"about":[{"href":"https:\/\/klasztorwieliczka.pl\/index.php\/wp-json\/wp\/v2\/types\/page"}],"author":[{"embeddable":true,"href":"https:\/\/klasztorwieliczka.pl\/index.php\/wp-json\/wp\/v2\/users\/5"}],"replies":[{"embeddable":true,"href":"https:\/\/klasztorwieliczka.pl\/index.php\/wp-json\/wp\/v2\/comments?post=2279"}],"version-history":[{"count":5,"href":"https:\/\/klasztorwieliczka.pl\/index.php\/wp-json\/wp\/v2\/pages\/2279\/revisions"}],"predecessor-version":[{"id":2567,"href":"https:\/\/klasztorwieliczka.pl\/index.php\/wp-json\/wp\/v2\/pages\/2279\/revisions\/2567"}],"wp:attachment":[{"href":"https:\/\/klasztorwieliczka.pl\/index.php\/wp-json\/wp\/v2\/media?parent=2279"}],"curies":[{"name":"wp","href":"https:\/\/api.w.org\/{rel}","templated":true}]}}