{"id":2281,"date":"2025-11-05T07:46:17","date_gmt":"2025-11-05T07:46:17","guid":{"rendered":"https:\/\/klasztorwieliczka.pl\/?page_id=2281"},"modified":"2025-11-16T17:30:16","modified_gmt":"2025-11-16T17:30:16","slug":"kaplica-wieczystej-adoracji","status":"publish","type":"page","link":"https:\/\/klasztorwieliczka.pl\/index.php\/kaplica-wieczystej-adoracji\/","title":{"rendered":"Kaplica Wieczystej Adoracji"},"content":{"rendered":"<div class=\"fusion-fullwidth fullwidth-box fusion-builder-row-1 fusion-flex-container has-pattern-background has-mask-background nonhundred-percent-fullwidth non-hundred-percent-height-scrolling\" style=\"--awb-border-radius-top-left:0px;--awb-border-radius-top-right:0px;--awb-border-radius-bottom-right:0px;--awb-border-radius-bottom-left:0px;--awb-flex-wrap:wrap;\" ><div class=\"fusion-builder-row fusion-row fusion-flex-align-items-flex-start fusion-flex-content-wrap\" style=\"max-width:1331.2px;margin-left: calc(-4% \/ 2 );margin-right: calc(-4% \/ 2 );\"><div class=\"fusion-layout-column fusion_builder_column fusion-builder-column-0 fusion_builder_column_1_1 1_1 fusion-flex-column\" style=\"--awb-bg-size:cover;--awb-width-large:100%;--awb-margin-top-large:0px;--awb-spacing-right-large:1.92%;--awb-margin-bottom-large:0px;--awb-spacing-left-large:1.92%;--awb-width-medium:100%;--awb-order-medium:0;--awb-spacing-right-medium:1.92%;--awb-spacing-left-medium:1.92%;--awb-width-small:100%;--awb-order-small:0;--awb-spacing-right-small:1.92%;--awb-spacing-left-small:1.92%;\"><div class=\"fusion-column-wrapper fusion-column-has-shadow fusion-flex-justify-content-flex-start fusion-content-layout-column\"><div class=\"fusion-image-element \" style=\"--awb-caption-title-font-family:var(--h2_typography-font-family);--awb-caption-title-font-weight:var(--h2_typography-font-weight);--awb-caption-title-font-style:var(--h2_typography-font-style);--awb-caption-title-size:var(--h2_typography-font-size);--awb-caption-title-transform:var(--h2_typography-text-transform);--awb-caption-title-line-height:var(--h2_typography-line-height);--awb-caption-title-letter-spacing:var(--h2_typography-letter-spacing);\"><span class=\" fusion-imageframe imageframe-none imageframe-1 hover-type-none\"><img decoding=\"async\" width=\"2560\" height=\"1707\" title=\"kaplica_wieczystej_adoracji_wieliczka\" src=\"https:\/\/klasztorwieliczka.pl\/wp-content\/uploads\/2025\/11\/kaplica_wieczystej_adoracji_wieliczka-scaled.png\" data-orig-src=\"https:\/\/klasztorwieliczka.pl\/wp-content\/uploads\/2025\/11\/kaplica_wieczystej_adoracji_wieliczka-scaled.png\" alt class=\"lazyload img-responsive wp-image-2469\" srcset=\"data:image\/svg+xml,%3Csvg%20xmlns%3D%27http%3A%2F%2Fwww.w3.org%2F2000%2Fsvg%27%20width%3D%272560%27%20height%3D%271707%27%20viewBox%3D%270%200%202560%201707%27%3E%3Crect%20width%3D%272560%27%20height%3D%271707%27%20fill-opacity%3D%220%22%2F%3E%3C%2Fsvg%3E\" data-srcset=\"https:\/\/klasztorwieliczka.pl\/wp-content\/uploads\/2025\/11\/kaplica_wieczystej_adoracji_wieliczka-200x133.png 200w, https:\/\/klasztorwieliczka.pl\/wp-content\/uploads\/2025\/11\/kaplica_wieczystej_adoracji_wieliczka-400x267.png 400w, https:\/\/klasztorwieliczka.pl\/wp-content\/uploads\/2025\/11\/kaplica_wieczystej_adoracji_wieliczka-600x400.png 600w, https:\/\/klasztorwieliczka.pl\/wp-content\/uploads\/2025\/11\/kaplica_wieczystej_adoracji_wieliczka-800x533.png 800w, https:\/\/klasztorwieliczka.pl\/wp-content\/uploads\/2025\/11\/kaplica_wieczystej_adoracji_wieliczka-1200x800.png 1200w, https:\/\/klasztorwieliczka.pl\/wp-content\/uploads\/2025\/11\/kaplica_wieczystej_adoracji_wieliczka-scaled.png 2560w\" data-sizes=\"auto\" data-orig-sizes=\"(max-width: 1024px) 100vw, (max-width: 640px) 100vw, 2560px\" \/><\/span><\/div><div class=\"fusion-title title fusion-title-1 fusion-title-text fusion-title-size-one\"><div class=\"title-sep-container title-sep-container-left fusion-no-large-visibility fusion-no-medium-visibility fusion-no-small-visibility\"><div class=\"title-sep sep- sep-solid\" style=\"border-color:var(--awb-color3);\"><\/div><\/div><span class=\"awb-title-spacer fusion-no-large-visibility fusion-no-medium-visibility fusion-no-small-visibility\"><\/span><h1 class=\"fusion-title-heading title-heading-left fusion-responsive-typography-calculated\" style=\"margin:0;--fontSize:56;line-height:var(--awb-typography1-line-height);\">KAPLICA WIECZYSTEJ ADORACJI<\/h1><span class=\"awb-title-spacer\"><\/span><div class=\"title-sep-container title-sep-container-right\"><div class=\"title-sep sep- sep-solid\" style=\"border-color:var(--awb-color3);\"><\/div><\/div><\/div><div class=\"fusion-text fusion-text-1\"><p><span style=\"font-weight: 400;\">Adoracja Naj\u015bwi\u0119tszego Sakramentu przez 24 h na dob\u0119 i 7 dni w tygodniu, w Kaplicy Porcjunkuli przy klasztorze oo. Franciszkan\u00f3w zosta\u0142a zainaugurowana 2 sierpnia 2024 roku.<\/span><\/p>\n<p>Rozpocz\u0119cie misji wymaga\u0142o zebrania kilkuset os\u00f3b deklaruj\u0105cych 1 godzin\u0119 adoracji 1 raz w tygodniu, aby zapewni\u0107 ci\u0105g\u0142o\u015b\u0107 przez 24 h i przez ca\u0142y tydzie\u0144.<\/p>\n<\/div><div class=\"fusion-builder-row fusion-builder-row-inner fusion-row fusion-flex-align-items-flex-start fusion-flex-content-wrap\" style=\"width:104% !important;max-width:104% !important;margin-left: calc(-4% \/ 2 );margin-right: calc(-4% \/ 2 );\"><div class=\"fusion-layout-column fusion_builder_column_inner fusion-builder-nested-column-0 fusion_builder_column_inner_1_2 1_2 fusion-flex-column\" style=\"--awb-bg-size:cover;--awb-width-large:50%;--awb-margin-top-large:0px;--awb-spacing-right-large:3.84%;--awb-margin-bottom-large:0px;--awb-spacing-left-large:3.84%;--awb-width-medium:100%;--awb-order-medium:0;--awb-spacing-right-medium:1.92%;--awb-spacing-left-medium:1.92%;--awb-width-small:100%;--awb-order-small:0;--awb-spacing-right-small:1.92%;--awb-spacing-left-small:1.92%;\"><div class=\"fusion-column-wrapper fusion-column-has-shadow fusion-flex-justify-content-flex-start fusion-content-layout-column\"><div class=\"fusion-image-element \" style=\"--awb-caption-title-font-family:var(--h2_typography-font-family);--awb-caption-title-font-weight:var(--h2_typography-font-weight);--awb-caption-title-font-style:var(--h2_typography-font-style);--awb-caption-title-size:var(--h2_typography-font-size);--awb-caption-title-transform:var(--h2_typography-text-transform);--awb-caption-title-line-height:var(--h2_typography-line-height);--awb-caption-title-letter-spacing:var(--h2_typography-letter-spacing);\"><span class=\" fusion-imageframe imageframe-none imageframe-2 hover-type-none\" style=\"border:4px solid #c9c9c9;\"><img decoding=\"async\" width=\"2560\" height=\"1707\" title=\"kaplica_wieczystej_adoracji_wieliczka_2\" src=\"https:\/\/klasztorwieliczka.pl\/wp-content\/uploads\/2025\/11\/kaplica_wieczystej_adoracji_wieliczka_2-scaled.png\" data-orig-src=\"https:\/\/klasztorwieliczka.pl\/wp-content\/uploads\/2025\/11\/kaplica_wieczystej_adoracji_wieliczka_2-scaled.png\" alt class=\"lazyload img-responsive wp-image-2470\" srcset=\"data:image\/svg+xml,%3Csvg%20xmlns%3D%27http%3A%2F%2Fwww.w3.org%2F2000%2Fsvg%27%20width%3D%272560%27%20height%3D%271707%27%20viewBox%3D%270%200%202560%201707%27%3E%3Crect%20width%3D%272560%27%20height%3D%271707%27%20fill-opacity%3D%220%22%2F%3E%3C%2Fsvg%3E\" data-srcset=\"https:\/\/klasztorwieliczka.pl\/wp-content\/uploads\/2025\/11\/kaplica_wieczystej_adoracji_wieliczka_2-200x133.png 200w, https:\/\/klasztorwieliczka.pl\/wp-content\/uploads\/2025\/11\/kaplica_wieczystej_adoracji_wieliczka_2-400x267.png 400w, https:\/\/klasztorwieliczka.pl\/wp-content\/uploads\/2025\/11\/kaplica_wieczystej_adoracji_wieliczka_2-600x400.png 600w, https:\/\/klasztorwieliczka.pl\/wp-content\/uploads\/2025\/11\/kaplica_wieczystej_adoracji_wieliczka_2-800x533.png 800w, https:\/\/klasztorwieliczka.pl\/wp-content\/uploads\/2025\/11\/kaplica_wieczystej_adoracji_wieliczka_2-1200x800.png 1200w, https:\/\/klasztorwieliczka.pl\/wp-content\/uploads\/2025\/11\/kaplica_wieczystej_adoracji_wieliczka_2-scaled.png 2560w\" data-sizes=\"auto\" data-orig-sizes=\"(max-width: 1024px) 100vw, (max-width: 640px) 100vw, 800px\" \/><\/span><\/div><\/div><\/div><div class=\"fusion-layout-column fusion_builder_column_inner fusion-builder-nested-column-1 fusion_builder_column_inner_1_2 1_2 fusion-flex-column\" style=\"--awb-bg-size:cover;--awb-width-large:50%;--awb-margin-top-large:0px;--awb-spacing-right-large:3.84%;--awb-margin-bottom-large:0px;--awb-spacing-left-large:3.84%;--awb-width-medium:100%;--awb-order-medium:0;--awb-spacing-right-medium:1.92%;--awb-spacing-left-medium:1.92%;--awb-width-small:100%;--awb-order-small:0;--awb-spacing-right-small:1.92%;--awb-spacing-left-small:1.92%;\"><div class=\"fusion-column-wrapper fusion-column-has-shadow fusion-flex-justify-content-flex-start fusion-content-layout-column\"><ul style=\"--awb-line-height:27.2px;--awb-icon-width:27.2px;--awb-icon-height:27.2px;--awb-icon-margin:11.2px;--awb-content-margin:38.4px;--awb-circlecolor:var(--awb-color4);--awb-circle-yes-font-size:14.08px;\" class=\"fusion-checklist fusion-checklist-1 fusion-checklist-default type-icons\"><li class=\"fusion-li-item\" style=\"\"><span class=\"icon-wrapper circle-yes\"><i class=\"fusion-li-icon awb-icon-check\" aria-hidden=\"true\"><\/i><\/span><div class=\"fusion-li-item-content\">\n<p>Sanktuarium Matki Bo\u017cej \u0141askawej | Parafia pw. \u015bw. Franciszka z Asy\u017cu<\/p>\n<\/div><\/li><li class=\"fusion-li-item\" style=\"\"><span class=\"icon-wrapper circle-yes\"><i class=\"fusion-li-icon awb-icon-check\" aria-hidden=\"true\"><\/i><\/span><div class=\"fusion-li-item-content\">\n<p>Brata Alojzego Kosiby 31, Wieliczka, woj. Ma\u0142opolskie<\/p>\n<\/div><\/li><li class=\"fusion-li-item\" style=\"\"><span class=\"icon-wrapper circle-yes\"><i class=\"fusion-li-icon awb-icon-check\" aria-hidden=\"true\"><\/i><\/span><div class=\"fusion-li-item-content\">\n<p>Adoracja trwa od: 2024-08-02<\/p>\n<\/div><\/li><li class=\"fusion-li-item\" style=\"\"><span class=\"icon-wrapper circle-yes\"><i class=\"fusion-li-icon awb-icon-check\" aria-hidden=\"true\"><\/i><\/span><div class=\"fusion-li-item-content\">\n<p>Intencje:<\/p>\n<ul>\n<li>Dzi\u0119kujemy Bogu za Sakrament Kap\u0142a\u0144stwa.<\/li>\n<li>Prosimy o \u015bwiat\u0142o Ducha \u015awi\u0119tego i \u0142ask\u0119 \u015bwi\u0119to\u015bci kap\u0142an\u00f3w, by byli wierni Bogu.<\/li>\n<li>O jedno\u015b\u0107 i \u015bwi\u0119to\u015b\u0107 naszych rodzin.<\/li>\n<\/ul>\n<\/div><\/li><\/ul><\/div><\/div><\/div><div class=\"fusion-separator fusion-full-width-sep\" style=\"align-self: center;margin-left: auto;margin-right: auto;width:100%;\"><div class=\"fusion-separator-border sep-double\" style=\"--awb-height:20px;--awb-amount:20px;border-color:var(--awb-color3);border-top-width:1px;border-bottom-width:1px;\"><\/div><\/div><div class=\"fusion-text fusion-text-2\"><blockquote>\n<p><span style=\"font-weight: 400;\">&#8222;Kiedy jestem w jakim\u015b miejscu adorowany, Moje ukryte dzia\u0142anie w duszach pot\u0119guje si\u0119 w cudowny spos\u00f3b. Miejsce to staje si\u0119 centrum, z kt\u00f3rego na \u015bwiat znajduj\u0105cy si\u0119 w niewoli nienawi\u015bci, ciemno\u015bci i \u015bmierci \u2013 emanuje mi\u0142o\u015b\u0107, \u017cycie i \u015bwiat\u0142o.<\/span><\/p>\n<p>(&#8230;)<\/p>\n<p><span style=\"font-weight: 400;\">Kaplice adoracji nie s\u0105 jedynie schronieniem dla pobo\u017cnych wiernych. S\u0105 one pe\u0142nymi blasku o\u015brodkami intensywnego Boskiego dzia\u0142ania, kt\u00f3re wychodzi poza mury kaplicy \u2013 do dom\u00f3w, szk\u00f3\u0142 i szpitali, a tak\u017ce do ciemnych i zimnych miejsc, w kt\u00f3rych dusze zniewalane s\u0105 przez szatana \u2013 i przenika serca, uzdrawia chorych i nawo\u0142uje do powrotu tych, kt\u00f3rzy oddalili si\u0119 ode Mnie.<\/span><\/p>\n<p>(&#8230;)<\/p>\n<p><span style=\"font-weight: 400;\">Ka\u017cdy moment sp\u0119dzony w Mojej obecno\u015bci ma drogocenn\u0105 warto\u015b\u0107. Ka\u017cda oddana Mi chwila jest bezcenna w Moich oczach i przyniesie owoc ca\u0142emu Ko\u015bcio\u0142owi.<\/span><\/p>\n<p>(&#8230;)<\/p>\n<p><span style=\"font-weight: 400;\">Zacznij zatem ofiarowywa\u0107 Mi to, co mo\u017cesz. Zobaczysz, \u017ce b\u0119dziesz dok\u0142ada\u0142 chwil\u0119 do chwili, a\u017c podarujesz Mi tyle adoracji, ile od ciebie pragn\u0119.&#8221;<\/span><\/p>\n<\/blockquote>\n<p><span style=\"font-weight: 400;\">\/z ksi\u0105\u017cki: &#8222;In sinu Jesu&#8221;\/<\/span><\/p>\n<\/div><div ><a class=\"fusion-button button-flat fusion-button-default-size button-default fusion-button-default button-1 fusion-button-default-span fusion-button-default-type\" style=\"width:calc(100%);\" target=\"_self\"><span class=\"fusion-button-text\">zosta\u0144 stra\u017cnikiem naj\u015bwi\u0119tszego sakramentu<\/span><\/a><\/div><div class=\"fusion-text fusion-text-3\"><p><span style=\"font-weight: 400;\">A Ty? Chcesz r\u00f3wnie\u017c zosta\u0107 Stra\u017cnikiem Naj\u015bwi\u0119tszego Sakramentu?<\/span><\/p>\n<p><span style=\"font-weight: 400;\">Nie b\u00f3j si\u0119 odda\u0107 jednej godziny Panu Jezusowi, to tylko jedna godzina w tygodniu, a mo\u017ce odmieni\u0107 \u017cycie Twoje i Twoich bliskich.<\/span><\/p>\n<p>&nbsp;<\/p>\n<p><span style=\"font-weight: 400;\">Zapisa\u0107 si\u0119 mo\u017cna na dwa sposoby:<\/span><\/p>\n<p><span style=\"font-weight: 400;\">&#x25aa;&#xfe0f;Formularz online: <a href=\"https:\/\/adoracja24.pl\/miejsce-adoracji\/wieliczka\">KAPLICA WIECZYSTEJ ADORACJI W WIELICZCE &#8211; ZAPISY<\/a><\/span><\/p>\n<p><span style=\"font-weight: 400;\">&#x25aa;&#xfe0f;Formularze w formie wydrukowanego folderu, dost\u0119pne w naszym ko\u015bciele przy wej\u015bciach. Wype\u0142niony formularz mo\u017cna zostawi\u0107 w zachrystii.<\/span><\/p>\n<p>&nbsp;<\/p>\n<p><span style=\"font-weight: 400;\">Lub skontaktuj si\u0119 bezpo\u015brednio z koordynatorami:<\/span><\/p>\n<p>&nbsp;<\/p>\n<p><span style=\"font-weight: 400;\">&#x25aa;&#xfe0f;Koord. g\u0142\u00f3wny: Artur &#8211; 604407480<\/span><\/p>\n<p><span style=\"font-weight: 400;\">&#x25aa;&#xfe0f;Blok nocny: 00:00 &#8211; 06:00 &#8211; Magdalena &#8211; 509832196<\/span><\/p>\n<p><span style=\"font-weight: 400;\">&#x25aa;&#xfe0f;Blok poranny: 06:00 &#8211; 12:00 &#8211; Ma\u0142gorzata &#8211; 604555967<\/span><\/p>\n<p><span style=\"font-weight: 400;\">&#x25aa;&#xfe0f;Blok popo\u0142udniowy: 12:00 &#8211; 18:00 &#8211; Iwona &#8211; 500028208<\/span><\/p>\n<p><span style=\"font-weight: 400;\">&#x25aa;&#xfe0f;Blok wieczorny: 18:00 &#8211; 00:00 &#8211; Katarzyna &#8211; 501705195<\/span><\/p>\n<\/div><\/div><\/div><\/div><\/div>\n","protected":false},"excerpt":{"rendered":"","protected":false},"author":5,"featured_media":0,"parent":0,"menu_order":0,"comment_status":"closed","ping_status":"closed","template":"","meta":{"footnotes":""},"class_list":["post-2281","page","type-page","status-publish","hentry"],"_links":{"self":[{"href":"https:\/\/klasztorwieliczka.pl\/index.php\/wp-json\/wp\/v2\/pages\/2281","targetHints":{"allow":["GET"]}}],"collection":[{"href":"https:\/\/klasztorwieliczka.pl\/index.php\/wp-json\/wp\/v2\/pages"}],"about":[{"href":"https:\/\/klasztorwieliczka.pl\/index.php\/wp-json\/wp\/v2\/types\/page"}],"author":[{"embeddable":true,"href":"https:\/\/klasztorwieliczka.pl\/index.php\/wp-json\/wp\/v2\/users\/5"}],"replies":[{"embeddable":true,"href":"https:\/\/klasztorwieliczka.pl\/index.php\/wp-json\/wp\/v2\/comments?post=2281"}],"version-history":[{"count":8,"href":"https:\/\/klasztorwieliczka.pl\/index.php\/wp-json\/wp\/v2\/pages\/2281\/revisions"}],"predecessor-version":[{"id":2600,"href":"https:\/\/klasztorwieliczka.pl\/index.php\/wp-json\/wp\/v2\/pages\/2281\/revisions\/2600"}],"wp:attachment":[{"href":"https:\/\/klasztorwieliczka.pl\/index.php\/wp-json\/wp\/v2\/media?parent=2281"}],"curies":[{"name":"wp","href":"https:\/\/api.w.org\/{rel}","templated":true}]}}