{"id":2349,"date":"2025-11-05T07:45:17","date_gmt":"2025-11-05T07:45:17","guid":{"rendered":"https:\/\/klasztorwieliczka.pl\/?page_id=2349"},"modified":"2025-11-14T14:41:24","modified_gmt":"2025-11-14T14:41:24","slug":"grupy-parafialne","status":"publish","type":"page","link":"https:\/\/klasztorwieliczka.pl\/index.php\/grupy-parafialne\/","title":{"rendered":"GRUPY PARAFIALNE"},"content":{"rendered":"<div class=\"fusion-fullwidth fullwidth-box fusion-builder-row-1 fusion-flex-container has-pattern-background has-mask-background nonhundred-percent-fullwidth non-hundred-percent-height-scrolling\" style=\"--awb-border-radius-top-left:0px;--awb-border-radius-top-right:0px;--awb-border-radius-bottom-right:0px;--awb-border-radius-bottom-left:0px;--awb-flex-wrap:wrap;\" ><div class=\"fusion-builder-row fusion-row fusion-flex-align-items-flex-start fusion-flex-content-wrap\" style=\"max-width:1331.2px;margin-left: calc(-4% \/ 2 );margin-right: calc(-4% \/ 2 );\"><div class=\"fusion-layout-column fusion_builder_column fusion-builder-column-0 fusion_builder_column_1_1 1_1 fusion-flex-column\" style=\"--awb-bg-size:cover;--awb-width-large:100%;--awb-margin-top-large:0px;--awb-spacing-right-large:1.92%;--awb-margin-bottom-large:0px;--awb-spacing-left-large:1.92%;--awb-width-medium:100%;--awb-order-medium:0;--awb-spacing-right-medium:1.92%;--awb-spacing-left-medium:1.92%;--awb-width-small:100%;--awb-order-small:0;--awb-spacing-right-small:1.92%;--awb-spacing-left-small:1.92%;\"><div class=\"fusion-column-wrapper fusion-column-has-shadow fusion-flex-justify-content-flex-start fusion-content-layout-column\"><div class=\"fusion-title title fusion-title-1 fusion-title-text fusion-title-size-one\"><div class=\"title-sep-container title-sep-container-left fusion-no-large-visibility fusion-no-medium-visibility fusion-no-small-visibility\"><div class=\"title-sep sep- sep-solid\" style=\"border-color:var(--awb-color3);\"><\/div><\/div><span class=\"awb-title-spacer fusion-no-large-visibility fusion-no-medium-visibility fusion-no-small-visibility\"><\/span><h1 class=\"fusion-title-heading title-heading-left fusion-responsive-typography-calculated\" style=\"margin:0;--fontSize:56;line-height:var(--awb-typography1-line-height);\">Grupy parafialne przy parafii p.w. \u015bw. Franciszka z Asy\u017cu w Wieliczce<\/h1><span class=\"awb-title-spacer\"><\/span><div class=\"title-sep-container title-sep-container-right\"><div class=\"title-sep sep- sep-solid\" style=\"border-color:var(--awb-color3);\"><\/div><\/div><\/div><div class=\"fusion-text fusion-text-1\"><p>W naszej parafii funkcjonuje kilka grup parafialnych i wsp\u00f3lnot. Zach\u0119camy wszystkich do zapoznania si\u0119 z ich charyzmatami&nbsp; oraz przestrzeni\u0105 dzia\u0142ania. Do\u0142\u0105czenie do jednej z takich grup to wspania\u0142y spos\u00f3b na wi\u0119ksze zaanga\u017cowanie w sprawy parafii, ca\u0142ej wsp\u00f3lnoty Ko\u015bcio\u0142a oraz w s\u0142u\u017cb\u0119 bli\u017aniemu. To tak\u017ce \u015bwietna okazja do pracy nad w\u0142asnym rozwojem duchowym. Ponadto nieocenione s\u0105 integracja oraz budowanie relacji wsp\u00f3lnotowych.<\/p>\n<\/div><div ><a class=\"fusion-button button-flat fusion-button-default-size button-custom fusion-button-default button-1 fusion-button-default-span fusion-button-default-type\" style=\"--button_accent_color:var(--awb-color1);--button_accent_hover_color:var(--awb-color1);--button_border_hover_color:var(--awb-color1);--button_gradient_top_color:#6c3c0c;--button_gradient_bottom_color:#6c3c0c;--button_gradient_top_color_hover:var(--awb-color4);--button_gradient_bottom_color_hover:var(--awb-color4);width:calc(100%);\" target=\"_self\" href=\"https:\/\/klasztorwieliczka.pl\/index.php\/franciszkanski-zakon-swieckich\/\"><span class=\"fusion-button-text\">franciszka\u0144ski zakon \u015bwieckich<\/span><\/a><\/div><div class=\"fusion-separator fusion-full-width-sep\" style=\"align-self: center;margin-left: auto;margin-right: auto;width:100%;\"><div class=\"fusion-separator-border sep-double\" style=\"--awb-height:20px;--awb-amount:20px;border-color:var(--awb-color3);border-top-width:1px;border-bottom-width:1px;\"><\/div><\/div><div ><a class=\"fusion-button button-flat fusion-button-default-size button-custom fusion-button-default button-2 fusion-button-default-span fusion-button-default-type\" style=\"--button_accent_color:var(--awb-color1);--button_accent_hover_color:var(--awb-color1);--button_border_hover_color:var(--awb-color1);--button_gradient_top_color:#6c3c0c;--button_gradient_bottom_color:#6c3c0c;--button_gradient_top_color_hover:var(--awb-color4);--button_gradient_bottom_color_hover:var(--awb-color4);width:calc(100%);\" target=\"_self\" href=\"https:\/\/klasztorwieliczka.pl\/index.php\/straz-honorowa-najswietszego-serca-pana-jezusa\/\"><span class=\"fusion-button-text\">Stra\u017c Honorowa Naj\u015bwi\u0119tszego Serca Pana jezusa<\/span><\/a><\/div><div class=\"fusion-separator fusion-full-width-sep\" style=\"align-self: center;margin-left: auto;margin-right: auto;width:100%;\"><div class=\"fusion-separator-border sep-double\" style=\"--awb-height:20px;--awb-amount:20px;border-color:var(--awb-color3);border-top-width:1px;border-bottom-width:1px;\"><\/div><\/div><div ><a class=\"fusion-button button-flat fusion-button-default-size button-custom fusion-button-default button-3 fusion-button-default-span fusion-button-default-type\" style=\"--button_accent_color:var(--awb-color1);--button_accent_hover_color:var(--awb-color1);--button_border_hover_color:var(--awb-color1);--button_gradient_top_color:#6c3c0c;--button_gradient_bottom_color:#6c3c0c;--button_gradient_top_color_hover:var(--awb-color4);--button_gradient_bottom_color_hover:var(--awb-color4);width:calc(100%);\" target=\"_self\" href=\"https:\/\/klasztorwieliczka.pl\/index.php\/wojownicy-maryi\/\"><span class=\"fusion-button-text\">wojownicy maryi wieliczka<\/span><\/a><\/div><div class=\"fusion-separator fusion-full-width-sep\" style=\"align-self: center;margin-left: auto;margin-right: auto;width:100%;\"><div class=\"fusion-separator-border sep-double\" style=\"--awb-height:20px;--awb-amount:20px;border-color:var(--awb-color3);border-top-width:1px;border-bottom-width:1px;\"><\/div><\/div><div ><a class=\"fusion-button button-flat fusion-button-default-size button-custom fusion-button-default button-4 fusion-button-default-span fusion-button-default-type\" style=\"--button_accent_color:var(--awb-color1);--button_accent_hover_color:var(--awb-color1);--button_border_hover_color:var(--awb-color1);--button_gradient_top_color:#6c3c0c;--button_gradient_bottom_color:#6c3c0c;--button_gradient_top_color_hover:var(--awb-color4);--button_gradient_bottom_color_hover:var(--awb-color4);width:calc(100%);\" target=\"_self\" href=\"https:\/\/klasztorwieliczka.pl\/index.php\/wspolnota-rodziny-radia-maryja\/\"><span class=\"fusion-button-text\">wsp\u00f3lnota rodziny radia maryja<\/span><\/a><\/div><div class=\"fusion-separator fusion-full-width-sep\" style=\"align-self: center;margin-left: auto;margin-right: auto;width:100%;\"><div class=\"fusion-separator-border sep-double\" style=\"--awb-height:20px;--awb-amount:20px;border-color:var(--awb-color3);border-top-width:1px;border-bottom-width:1px;\"><\/div><\/div><div ><a class=\"fusion-button button-flat fusion-button-default-size button-custom fusion-button-default button-5 fusion-button-default-span fusion-button-default-type\" style=\"--button_accent_color:var(--awb-color1);--button_accent_hover_color:var(--awb-color1);--button_border_hover_color:var(--awb-color1);--button_gradient_top_color:#6c3c0c;--button_gradient_bottom_color:#6c3c0c;--button_gradient_top_color_hover:var(--awb-color4);--button_gradient_bottom_color_hover:var(--awb-color4);width:calc(100%);\" target=\"_self\" href=\"https:\/\/klasztorwieliczka.pl\/index.php\/kecharitomene\/\"><span class=\"fusion-button-text\">Grupa modlitewna kecharitomene<\/span><\/a><\/div><\/div><\/div><\/div><\/div>\n","protected":false},"excerpt":{"rendered":"","protected":false},"author":5,"featured_media":0,"parent":0,"menu_order":0,"comment_status":"closed","ping_status":"closed","template":"","meta":{"footnotes":""},"class_list":["post-2349","page","type-page","status-publish","hentry"],"_links":{"self":[{"href":"https:\/\/klasztorwieliczka.pl\/index.php\/wp-json\/wp\/v2\/pages\/2349","targetHints":{"allow":["GET"]}}],"collection":[{"href":"https:\/\/klasztorwieliczka.pl\/index.php\/wp-json\/wp\/v2\/pages"}],"about":[{"href":"https:\/\/klasztorwieliczka.pl\/index.php\/wp-json\/wp\/v2\/types\/page"}],"author":[{"embeddable":true,"href":"https:\/\/klasztorwieliczka.pl\/index.php\/wp-json\/wp\/v2\/users\/5"}],"replies":[{"embeddable":true,"href":"https:\/\/klasztorwieliczka.pl\/index.php\/wp-json\/wp\/v2\/comments?post=2349"}],"version-history":[{"count":4,"href":"https:\/\/klasztorwieliczka.pl\/index.php\/wp-json\/wp\/v2\/pages\/2349\/revisions"}],"predecessor-version":[{"id":2593,"href":"https:\/\/klasztorwieliczka.pl\/index.php\/wp-json\/wp\/v2\/pages\/2349\/revisions\/2593"}],"wp:attachment":[{"href":"https:\/\/klasztorwieliczka.pl\/index.php\/wp-json\/wp\/v2\/media?parent=2349"}],"curies":[{"name":"wp","href":"https:\/\/api.w.org\/{rel}","templated":true}]}}