{"id":2351,"date":"2025-11-06T14:10:17","date_gmt":"2025-11-06T14:10:17","guid":{"rendered":"https:\/\/klasztorwieliczka.pl\/?page_id=2351"},"modified":"2025-11-16T17:29:35","modified_gmt":"2025-11-16T17:29:35","slug":"franciszkanski-zakon-swieckich","status":"publish","type":"page","link":"https:\/\/klasztorwieliczka.pl\/index.php\/franciszkanski-zakon-swieckich\/","title":{"rendered":"Franciszka\u0144ski Zakon \u015awieckich"},"content":{"rendered":"<div class=\"fusion-fullwidth fullwidth-box fusion-builder-row-1 fusion-flex-container has-pattern-background has-mask-background nonhundred-percent-fullwidth non-hundred-percent-height-scrolling\" style=\"--awb-border-radius-top-left:0px;--awb-border-radius-top-right:0px;--awb-border-radius-bottom-right:0px;--awb-border-radius-bottom-left:0px;--awb-flex-wrap:wrap;\" ><div class=\"fusion-builder-row fusion-row fusion-flex-align-items-flex-start fusion-flex-content-wrap\" style=\"max-width:1331.2px;margin-left: calc(-4% \/ 2 );margin-right: calc(-4% \/ 2 );\"><div class=\"fusion-layout-column fusion_builder_column fusion-builder-column-0 fusion_builder_column_1_1 1_1 fusion-flex-column\" style=\"--awb-bg-size:cover;--awb-width-large:100%;--awb-margin-top-large:0px;--awb-spacing-right-large:1.92%;--awb-margin-bottom-large:0px;--awb-spacing-left-large:1.92%;--awb-width-medium:100%;--awb-order-medium:0;--awb-spacing-right-medium:1.92%;--awb-spacing-left-medium:1.92%;--awb-width-small:100%;--awb-order-small:0;--awb-spacing-right-small:1.92%;--awb-spacing-left-small:1.92%;\"><div class=\"fusion-column-wrapper fusion-column-has-shadow fusion-flex-justify-content-flex-start fusion-content-layout-column\"><div class=\"fusion-title title fusion-title-1 fusion-title-text fusion-title-size-one\"><div class=\"title-sep-container title-sep-container-left fusion-no-large-visibility fusion-no-medium-visibility fusion-no-small-visibility\"><div class=\"title-sep sep- sep-solid\" style=\"border-color:var(--awb-color3);\"><\/div><\/div><span class=\"awb-title-spacer fusion-no-large-visibility fusion-no-medium-visibility fusion-no-small-visibility\"><\/span><h1 class=\"fusion-title-heading title-heading-left fusion-responsive-typography-calculated\" style=\"margin:0;--fontSize:56;line-height:var(--awb-typography1-line-height);\">Franciszka\u0144ski Zakon \u015awieckich<\/h1><span class=\"awb-title-spacer\"><\/span><div class=\"title-sep-container title-sep-container-right\"><div class=\"title-sep sep- sep-solid\" style=\"border-color:var(--awb-color3);\"><\/div><\/div><\/div><div class=\"fusion-image-element \" style=\"--awb-caption-title-font-family:var(--h2_typography-font-family);--awb-caption-title-font-weight:var(--h2_typography-font-weight);--awb-caption-title-font-style:var(--h2_typography-font-style);--awb-caption-title-size:var(--h2_typography-font-size);--awb-caption-title-transform:var(--h2_typography-text-transform);--awb-caption-title-line-height:var(--h2_typography-line-height);--awb-caption-title-letter-spacing:var(--h2_typography-letter-spacing);\"><span class=\" fusion-imageframe imageframe-none imageframe-1 hover-type-none\"><img decoding=\"async\" width=\"1280\" height=\"960\" title=\"franciszkanski_zakon_swieckich_wieliczka_sanktuarium_matki_bozej_laskawej\" src=\"https:\/\/klasztorwieliczka.pl\/wp-content\/uploads\/2025\/11\/franciszkanski_zakon_swieckich_wieliczka_sanktuarium_matki_bozej_laskawej.png\" data-orig-src=\"https:\/\/klasztorwieliczka.pl\/wp-content\/uploads\/2025\/11\/franciszkanski_zakon_swieckich_wieliczka_sanktuarium_matki_bozej_laskawej.png\" alt class=\"lazyload img-responsive wp-image-2553\" srcset=\"data:image\/svg+xml,%3Csvg%20xmlns%3D%27http%3A%2F%2Fwww.w3.org%2F2000%2Fsvg%27%20width%3D%271280%27%20height%3D%27960%27%20viewBox%3D%270%200%201280%20960%27%3E%3Crect%20width%3D%271280%27%20height%3D%27960%27%20fill-opacity%3D%220%22%2F%3E%3C%2Fsvg%3E\" data-srcset=\"https:\/\/klasztorwieliczka.pl\/wp-content\/uploads\/2025\/11\/franciszkanski_zakon_swieckich_wieliczka_sanktuarium_matki_bozej_laskawej-200x150.png 200w, https:\/\/klasztorwieliczka.pl\/wp-content\/uploads\/2025\/11\/franciszkanski_zakon_swieckich_wieliczka_sanktuarium_matki_bozej_laskawej-400x300.png 400w, https:\/\/klasztorwieliczka.pl\/wp-content\/uploads\/2025\/11\/franciszkanski_zakon_swieckich_wieliczka_sanktuarium_matki_bozej_laskawej-600x450.png 600w, https:\/\/klasztorwieliczka.pl\/wp-content\/uploads\/2025\/11\/franciszkanski_zakon_swieckich_wieliczka_sanktuarium_matki_bozej_laskawej-800x600.png 800w, https:\/\/klasztorwieliczka.pl\/wp-content\/uploads\/2025\/11\/franciszkanski_zakon_swieckich_wieliczka_sanktuarium_matki_bozej_laskawej-1200x900.png 1200w, https:\/\/klasztorwieliczka.pl\/wp-content\/uploads\/2025\/11\/franciszkanski_zakon_swieckich_wieliczka_sanktuarium_matki_bozej_laskawej.png 1280w\" data-sizes=\"auto\" data-orig-sizes=\"(max-width: 1024px) 100vw, (max-width: 640px) 100vw, 1280px\" \/><\/span><\/div><div class=\"fusion-separator fusion-full-width-sep\" style=\"align-self: center;margin-left: auto;margin-right: auto;width:100%;\"><div class=\"fusion-separator-border sep-double\" style=\"--awb-height:20px;--awb-amount:20px;border-color:var(--awb-color3);border-top-width:1px;border-bottom-width:1px;\"><\/div><\/div><div class=\"fusion-text fusion-text-1\"><div>\n<p><b><u>Franciszka\u0144ski Zakon \u015awieckich<\/u><\/b> to za\u0142o\u017cony przez \u015bw. Franciszka zakon dla ludzi \u015bwieckich. Pierwszymi tercjarzami, jakich przyj\u0105\u0142 wed\u0142ug tradycji, by\u0142 <a href=\"https:\/\/brewiarz.pl\/czytelnia\/swieci\/04-28d.php3\" target=\"_blank\" rel=\"noopener\" data-saferedirecturl=\"https:\/\/www.google.com\/url?q=https:\/\/brewiarz.pl\/czytelnia\/swieci\/04-28d.php3&amp;source=gmail&amp;ust=1762869486538000&amp;usg=AOvVaw3LwyIzn8QRwU09G2wHP408\">Luchezjusz i Buonadonna<\/a>, kt\u00f3rych \u015bwi\u0119to obchodzimy 28 lutego.<br \/>\n<b>FZ\u015a<\/b> zwany III Zakonem nale\u017cy do wielkiej rodziny Franciszka\u0144skiej, w sk\u0142ad kt\u00f3rej wchodz\u0105: I-szy Zakon m\u0119ski, II-gi \u017ce\u0144ski (siostry Klaryski), III-ci \u015bwiecki czyli FZ\u015a, jak r\u00f3wnie\u017c M\u0142odzie\u017c Franciszka\u0144ska. FZ\u015a w Polsce wyst\u0119puje we wszystkich wojew\u00f3dztwach i liczy oko\u0142o 10ty\u015b aktywnych cz\u0142onk\u00f3w. W regionie Krakowskim dzia\u0142a 26 wsp\u00f3lnot.<\/p>\n<ul>\n<li>W Wieliczce III Zakon jest obecny <b>od 1623 roku<\/b>.<\/li>\n<li>Na czele wsp\u00f3lnot stoi <b>Prze\u0142o\u017cony\/a oraz Rada <\/b>(wsp\u00f3lnie podejmuj\u0105c decyzje)<b>. FZ\u015a ma struktur\u0119 hierarchiczn\u0105 <\/b>narodowa &gt; regionalna &gt; miejscowa.<\/li>\n<li>Towarzyszy ka\u017cdej ze wsp\u00f3lnot, na ka\u017cdym ze szczebli Asystent duchowy z I Zakonu &#8211; w Wieliczce jest nim <b>o. Artur Macha\u0142a OFM<\/b>.<\/li>\n<li>Mamy <b>swoj\u0105 Regu\u0142\u0119<\/b>, etapy 3 letniej formacji wst\u0119pnej, po kt\u00f3rej podejmujemy Profesj\u0119 czasow\u0105 a finalnie wieczyst\u0105 (nieodwo\u0142alnie na ca\u0142e \u017cycie). Najstarszy aktywny cz\u0142onek wsp\u00f3lnoty jest Profesem Wieczystym od 51 lat.<\/li>\n<li><b>Mamy ma\u0142\u017conk\u00f3w i dzieci<\/b>, cho\u0107 niekt\u00f3rzy z nas \u017cyj\u0105 z wyboru samotnie.<\/li>\n<li>Nasze \u017cycie opr\u00f3cz trwania na codziennej modlitwie, adoracji i cz\u0119stym przyjmowaniu Eucharystii, realizuje si\u0119 poprzez <b>Ewangeliczne na\u015bladowanie \u015bw. Franciszka<\/b>, g\u0142\u00f3wnie poprzez apostolat \u017cycia w\u015br\u00f3d ludzi \u015bwieckich.<\/li>\n<\/ul>\n<\/div>\n<div>\n<p>Spotkania wsp\u00f3lnoty odbywaj\u0105 si\u0119 w ka\u017cd\u0105 I-wsz\u0105 niedziel\u0119 miesi\u0105ca.<\/p>\n<ul>\n<li>10:00 w Ko\u015bciele odmawiamy \u015bpiewnie Godzinki ku czci \u015bw. Franciszka,<\/li>\n<li>10:30 uczestniczymy we Mszy \u015awi\u0119tej, kt\u00f3ra jest odprawiana w intencji naszych cz\u0142onk\u00f3w,<\/li>\n<li>11:30 spotykamy si\u0119 w sali parafialnej na otwartym dla ka\u017cdego spotkaniu braterskim.<\/li>\n<\/ul>\n<p>Spotykamy si\u0119 r\u00f3wnie\u017c raz w miesi\u0105cu na spotkaniu formacyjnym oraz Mszy \u015aw. za zmar\u0142ych cz\u0142onk\u00f3w FZ\u015a. A ponadto:<\/p>\n<ul>\n<li>w ka\u017cdy poniedzia\u0142ek prowadzimy r\u00f3\u017caniec. Odprawiamy tez czasem Drogi Krzy\u017cowe.<\/li>\n<li>dwukrotnie w ci\u0105gu roku organizujemy zbi\u00f3rk\u0119 dla ubogich i roznosimy bony \u017cywno\u015bciowe ponad 40-tu rodzinom potrzebuj\u0105cym z parafii i okolic. Wspieramy lokaln\u0105 spo\u0142eczno\u015b\u0107.<\/li>\n<li>wspieramy braci Franciszkan\u00f3w w pos\u0142ugach dla lokalnego ko\u015bcio\u0142a m.in. poprzez udzia\u0142 w procesjach, pracach porz\u0105dkowych, w dba\u0142o\u015bci o zabytkow\u0105 Drog\u0119 Krzy\u017cow\u0105 na dziedzi\u0144cu oraz franciszka\u0144skie groby.<\/li>\n<li>pami\u0119tamy o naszych chorych cz\u0142onkach i zmar\u0142ych.<\/li>\n<\/ul>\n<p><b>A nade wszystko wype\u0142niamy <\/b>(ka\u017cdy z osobna swoje indywidualne) <b>pos\u0142annictwo w \u015bwiecie<\/b> \u2013 nios\u0105c tam gdzie Pan nas postawi \u015bladami \u015bw. Franciszka &#8211; Pok\u00f3j i Dobro.<\/p>\n<\/div>\n<div>Zapraszamy wszystkich wierz\u0105cych, po 26 roku \u017cycia do naszej rodziny franciszka\u0144skiej!<\/div>\n<\/div><div class=\"awb-gallery-wrapper awb-gallery-wrapper-1 button-span-no\" style=\"--more-btn-alignment:center;\"><div style=\"margin:-5px;--awb-bordersize:0px;\" class=\"fusion-gallery fusion-gallery-container fusion-grid-3 fusion-columns-total-3 fusion-gallery-layout-grid fusion-gallery-1\"><div style=\"padding:5px;\" class=\"fusion-grid-column fusion-gallery-column fusion-gallery-column-3 hover-type-none\"><div class=\"fusion-gallery-image\"><a href=\"https:\/\/klasztorwieliczka.pl\/wp-content\/uploads\/2025\/11\/franciszkanski_zakon_swieckich_wieliczka_krakow-6.jpg\" rel=\"noreferrer\" data-rel=\"iLightbox[gallery_image_1]\" class=\"fusion-lightbox\" target=\"_self\"><img decoding=\"async\" src=\"https:\/\/klasztorwieliczka.pl\/wp-content\/uploads\/2025\/11\/franciszkanski_zakon_swieckich_wieliczka_krakow-6.jpg\" data-orig-src=\"https:\/\/klasztorwieliczka.pl\/wp-content\/uploads\/2025\/11\/franciszkanski_zakon_swieckich_wieliczka_krakow-6.jpg\" width=\"1500\" height=\"1000\" alt=\"\" title=\"franciszkanski_zakon_swieckich_wieliczka_krakow (6)\" aria-label=\"franciszkanski_zakon_swieckich_wieliczka_krakow (6)\" class=\"lazyload img-responsive wp-image-2545\" srcset=\"data:image\/svg+xml,%3Csvg%20xmlns%3D%27http%3A%2F%2Fwww.w3.org%2F2000%2Fsvg%27%20width%3D%271500%27%20height%3D%271000%27%20viewBox%3D%270%200%201500%201000%27%3E%3Crect%20width%3D%271500%27%20height%3D%271000%27%20fill-opacity%3D%220%22%2F%3E%3C%2Fsvg%3E\" data-srcset=\"https:\/\/klasztorwieliczka.pl\/wp-content\/uploads\/2025\/11\/franciszkanski_zakon_swieckich_wieliczka_krakow-6-200x133.jpg 200w, https:\/\/klasztorwieliczka.pl\/wp-content\/uploads\/2025\/11\/franciszkanski_zakon_swieckich_wieliczka_krakow-6-400x267.jpg 400w, https:\/\/klasztorwieliczka.pl\/wp-content\/uploads\/2025\/11\/franciszkanski_zakon_swieckich_wieliczka_krakow-6-600x400.jpg 600w, https:\/\/klasztorwieliczka.pl\/wp-content\/uploads\/2025\/11\/franciszkanski_zakon_swieckich_wieliczka_krakow-6-800x533.jpg 800w, https:\/\/klasztorwieliczka.pl\/wp-content\/uploads\/2025\/11\/franciszkanski_zakon_swieckich_wieliczka_krakow-6-1200x800.jpg 1200w, https:\/\/klasztorwieliczka.pl\/wp-content\/uploads\/2025\/11\/franciszkanski_zakon_swieckich_wieliczka_krakow-6.jpg 1500w\" data-sizes=\"auto\" data-orig-sizes=\"(min-width: 2200px) 100vw, (min-width: 824px) 423px, (min-width: 732px) 635px, (min-width: 640px) 732px, \" \/><\/a><\/div><\/div><div style=\"padding:5px;\" class=\"fusion-grid-column fusion-gallery-column fusion-gallery-column-3 hover-type-none\"><div class=\"fusion-gallery-image\"><a href=\"https:\/\/klasztorwieliczka.pl\/wp-content\/uploads\/2025\/11\/franciszkanski_zakon_swieckich_wieliczka_krakow-5.jpg\" rel=\"noreferrer\" data-rel=\"iLightbox[gallery_image_1]\" class=\"fusion-lightbox\" target=\"_self\"><img decoding=\"async\" src=\"https:\/\/klasztorwieliczka.pl\/wp-content\/uploads\/2025\/11\/franciszkanski_zakon_swieckich_wieliczka_krakow-5.jpg\" data-orig-src=\"https:\/\/klasztorwieliczka.pl\/wp-content\/uploads\/2025\/11\/franciszkanski_zakon_swieckich_wieliczka_krakow-5.jpg\" width=\"799\" height=\"533\" alt=\"\" title=\"franciszkanski_zakon_swieckich_wieliczka_krakow (5)\" aria-label=\"franciszkanski_zakon_swieckich_wieliczka_krakow (5)\" class=\"lazyload img-responsive wp-image-2544\" srcset=\"data:image\/svg+xml,%3Csvg%20xmlns%3D%27http%3A%2F%2Fwww.w3.org%2F2000%2Fsvg%27%20width%3D%27799%27%20height%3D%27533%27%20viewBox%3D%270%200%20799%20533%27%3E%3Crect%20width%3D%27799%27%20height%3D%27533%27%20fill-opacity%3D%220%22%2F%3E%3C%2Fsvg%3E\" data-srcset=\"https:\/\/klasztorwieliczka.pl\/wp-content\/uploads\/2025\/11\/franciszkanski_zakon_swieckich_wieliczka_krakow-5-200x133.jpg 200w, https:\/\/klasztorwieliczka.pl\/wp-content\/uploads\/2025\/11\/franciszkanski_zakon_swieckich_wieliczka_krakow-5-400x267.jpg 400w, https:\/\/klasztorwieliczka.pl\/wp-content\/uploads\/2025\/11\/franciszkanski_zakon_swieckich_wieliczka_krakow-5-600x400.jpg 600w, https:\/\/klasztorwieliczka.pl\/wp-content\/uploads\/2025\/11\/franciszkanski_zakon_swieckich_wieliczka_krakow-5.jpg 799w\" data-sizes=\"auto\" data-orig-sizes=\"(min-width: 2200px) 100vw, (min-width: 824px) 423px, (min-width: 732px) 635px, (min-width: 640px) 732px, \" \/><\/a><\/div><\/div><div style=\"padding:5px;\" class=\"fusion-grid-column fusion-gallery-column fusion-gallery-column-3 hover-type-none\"><div class=\"fusion-gallery-image\"><a href=\"https:\/\/klasztorwieliczka.pl\/wp-content\/uploads\/2025\/11\/franciszkanski_zakon_swieckich_wieliczka_krakow-4-scaled.jpg\" rel=\"noreferrer\" data-rel=\"iLightbox[gallery_image_1]\" class=\"fusion-lightbox\" target=\"_self\"><img decoding=\"async\" src=\"https:\/\/klasztorwieliczka.pl\/wp-content\/uploads\/2025\/11\/franciszkanski_zakon_swieckich_wieliczka_krakow-4-scaled.jpg\" data-orig-src=\"https:\/\/klasztorwieliczka.pl\/wp-content\/uploads\/2025\/11\/franciszkanski_zakon_swieckich_wieliczka_krakow-4-scaled.jpg\" width=\"2560\" height=\"1880\" alt=\"\" title=\"franciszkanski_zakon_swieckich_wieliczka_krakow (4)\" aria-label=\"franciszkanski_zakon_swieckich_wieliczka_krakow (4)\" class=\"lazyload img-responsive wp-image-2543\" srcset=\"data:image\/svg+xml,%3Csvg%20xmlns%3D%27http%3A%2F%2Fwww.w3.org%2F2000%2Fsvg%27%20width%3D%272560%27%20height%3D%271880%27%20viewBox%3D%270%200%202560%201880%27%3E%3Crect%20width%3D%272560%27%20height%3D%271880%27%20fill-opacity%3D%220%22%2F%3E%3C%2Fsvg%3E\" data-srcset=\"https:\/\/klasztorwieliczka.pl\/wp-content\/uploads\/2025\/11\/franciszkanski_zakon_swieckich_wieliczka_krakow-4-200x147.jpg 200w, https:\/\/klasztorwieliczka.pl\/wp-content\/uploads\/2025\/11\/franciszkanski_zakon_swieckich_wieliczka_krakow-4-400x294.jpg 400w, https:\/\/klasztorwieliczka.pl\/wp-content\/uploads\/2025\/11\/franciszkanski_zakon_swieckich_wieliczka_krakow-4-600x441.jpg 600w, https:\/\/klasztorwieliczka.pl\/wp-content\/uploads\/2025\/11\/franciszkanski_zakon_swieckich_wieliczka_krakow-4-800x588.jpg 800w, https:\/\/klasztorwieliczka.pl\/wp-content\/uploads\/2025\/11\/franciszkanski_zakon_swieckich_wieliczka_krakow-4-1200x881.jpg 1200w, https:\/\/klasztorwieliczka.pl\/wp-content\/uploads\/2025\/11\/franciszkanski_zakon_swieckich_wieliczka_krakow-4-scaled.jpg 2560w\" data-sizes=\"auto\" data-orig-sizes=\"(min-width: 2200px) 100vw, (min-width: 824px) 423px, (min-width: 732px) 635px, (min-width: 640px) 732px, \" \/><\/a><\/div><\/div><div class=\"clearfix\"><\/div><\/div><\/div><div class=\"fusion-separator fusion-full-width-sep\" style=\"align-self: center;margin-left: auto;margin-right: auto;width:100%;\"><div class=\"fusion-separator-border sep-double\" style=\"--awb-height:20px;--awb-amount:20px;border-color:var(--awb-color3);border-top-width:1px;border-bottom-width:1px;\"><\/div><\/div><div ><a class=\"fusion-button button-flat fusion-button-default-size button-default fusion-button-default button-1 fusion-button-default-span fusion-button-default-type\" style=\"width:calc(100%);\" target=\"_self\" href=\"https:\/\/fzskrakow.pl\/\"><i class=\"fa-globe fas button-icon-left\" aria-hidden=\"true\"><\/i><span class=\"fusion-button-text\">Wi\u0119cej informacji: fzskrakow.pl<\/span><\/a><\/div><\/div><\/div><\/div><\/div>\n","protected":false},"excerpt":{"rendered":"","protected":false},"author":5,"featured_media":0,"parent":0,"menu_order":0,"comment_status":"closed","ping_status":"closed","template":"","meta":{"footnotes":""},"class_list":["post-2351","page","type-page","status-publish","hentry"],"_links":{"self":[{"href":"https:\/\/klasztorwieliczka.pl\/index.php\/wp-json\/wp\/v2\/pages\/2351","targetHints":{"allow":["GET"]}}],"collection":[{"href":"https:\/\/klasztorwieliczka.pl\/index.php\/wp-json\/wp\/v2\/pages"}],"about":[{"href":"https:\/\/klasztorwieliczka.pl\/index.php\/wp-json\/wp\/v2\/types\/page"}],"author":[{"embeddable":true,"href":"https:\/\/klasztorwieliczka.pl\/index.php\/wp-json\/wp\/v2\/users\/5"}],"replies":[{"embeddable":true,"href":"https:\/\/klasztorwieliczka.pl\/index.php\/wp-json\/wp\/v2\/comments?post=2351"}],"version-history":[{"count":5,"href":"https:\/\/klasztorwieliczka.pl\/index.php\/wp-json\/wp\/v2\/pages\/2351\/revisions"}],"predecessor-version":[{"id":2599,"href":"https:\/\/klasztorwieliczka.pl\/index.php\/wp-json\/wp\/v2\/pages\/2351\/revisions\/2599"}],"wp:attachment":[{"href":"https:\/\/klasztorwieliczka.pl\/index.php\/wp-json\/wp\/v2\/media?parent=2351"}],"curies":[{"name":"wp","href":"https:\/\/api.w.org\/{rel}","templated":true}]}}