{"id":2483,"date":"2025-11-06T14:15:00","date_gmt":"2025-11-06T14:15:00","guid":{"rendered":"https:\/\/klasztorwieliczka.pl\/?page_id=2483"},"modified":"2025-11-16T17:31:40","modified_gmt":"2025-11-16T17:31:40","slug":"nabozenstwo-okrycia-plaszczem-matki-bozej-z-guadalupe","status":"publish","type":"page","link":"https:\/\/klasztorwieliczka.pl\/index.php\/nabozenstwo-okrycia-plaszczem-matki-bozej-z-guadalupe\/","title":{"rendered":"Nabo\u017ce\u0144stwo okrycia p\u0142aszczem Matki Bo\u017cej z Guadalupe"},"content":{"rendered":"<div class=\"fusion-fullwidth fullwidth-box fusion-builder-row-1 fusion-flex-container has-pattern-background has-mask-background nonhundred-percent-fullwidth non-hundred-percent-height-scrolling\" style=\"--awb-border-radius-top-left:0px;--awb-border-radius-top-right:0px;--awb-border-radius-bottom-right:0px;--awb-border-radius-bottom-left:0px;--awb-flex-wrap:wrap;\" ><div class=\"fusion-builder-row fusion-row fusion-flex-align-items-flex-start fusion-flex-content-wrap\" style=\"max-width:1331.2px;margin-left: calc(-4% \/ 2 );margin-right: calc(-4% \/ 2 );\"><div class=\"fusion-layout-column fusion_builder_column fusion-builder-column-0 fusion_builder_column_1_1 1_1 fusion-flex-column\" style=\"--awb-bg-size:cover;--awb-width-large:100%;--awb-margin-top-large:0px;--awb-spacing-right-large:1.92%;--awb-margin-bottom-large:0px;--awb-spacing-left-large:1.92%;--awb-width-medium:100%;--awb-order-medium:0;--awb-spacing-right-medium:1.92%;--awb-spacing-left-medium:1.92%;--awb-width-small:100%;--awb-order-small:0;--awb-spacing-right-small:1.92%;--awb-spacing-left-small:1.92%;\"><div class=\"fusion-column-wrapper fusion-column-has-shadow fusion-flex-justify-content-flex-start fusion-content-layout-column\"><div class=\"fusion-title title fusion-title-1 fusion-title-text fusion-title-size-one\"><div class=\"title-sep-container title-sep-container-left fusion-no-large-visibility fusion-no-medium-visibility fusion-no-small-visibility\"><div class=\"title-sep sep- sep-solid\" style=\"border-color:var(--awb-color3);\"><\/div><\/div><span class=\"awb-title-spacer fusion-no-large-visibility fusion-no-medium-visibility fusion-no-small-visibility\"><\/span><h1 class=\"fusion-title-heading title-heading-left fusion-responsive-typography-calculated\" style=\"margin:0;--fontSize:56;line-height:var(--awb-typography1-line-height);\"><span style=\"font-weight: 400;\">NABO\u017bE\u0143STWO OKRYCIA P\u0141ASZCZEM MATKI BO\u017bEJ Z GUADALUPE<\/span><\/h1><span class=\"awb-title-spacer\"><\/span><div class=\"title-sep-container title-sep-container-right\"><div class=\"title-sep sep- sep-solid\" style=\"border-color:var(--awb-color3);\"><\/div><\/div><\/div><div class=\"fusion-image-element \" style=\"--awb-caption-title-font-family:var(--h2_typography-font-family);--awb-caption-title-font-weight:var(--h2_typography-font-weight);--awb-caption-title-font-style:var(--h2_typography-font-style);--awb-caption-title-size:var(--h2_typography-font-size);--awb-caption-title-transform:var(--h2_typography-text-transform);--awb-caption-title-line-height:var(--h2_typography-line-height);--awb-caption-title-letter-spacing:var(--h2_typography-letter-spacing);\"><span class=\" fusion-imageframe imageframe-none imageframe-1 hover-type-none\"><img decoding=\"async\" width=\"1080\" height=\"810\" title=\"nabozenstwo_okrycia_plaszczem_matki_bozej_z_guadalupe_wieliczka_franciszkanie (4)\" src=\"https:\/\/klasztorwieliczka.pl\/wp-content\/uploads\/2025\/11\/nabozenstwo_okrycia_plaszczem_matki_bozej_z_guadalupe_wieliczka_franciszkanie-4.jpg\" data-orig-src=\"https:\/\/klasztorwieliczka.pl\/wp-content\/uploads\/2025\/11\/nabozenstwo_okrycia_plaszczem_matki_bozej_z_guadalupe_wieliczka_franciszkanie-4.jpg\" alt class=\"lazyload img-responsive wp-image-2490\" srcset=\"data:image\/svg+xml,%3Csvg%20xmlns%3D%27http%3A%2F%2Fwww.w3.org%2F2000%2Fsvg%27%20width%3D%271080%27%20height%3D%27810%27%20viewBox%3D%270%200%201080%20810%27%3E%3Crect%20width%3D%271080%27%20height%3D%27810%27%20fill-opacity%3D%220%22%2F%3E%3C%2Fsvg%3E\" data-srcset=\"https:\/\/klasztorwieliczka.pl\/wp-content\/uploads\/2025\/11\/nabozenstwo_okrycia_plaszczem_matki_bozej_z_guadalupe_wieliczka_franciszkanie-4-200x150.jpg 200w, https:\/\/klasztorwieliczka.pl\/wp-content\/uploads\/2025\/11\/nabozenstwo_okrycia_plaszczem_matki_bozej_z_guadalupe_wieliczka_franciszkanie-4-400x300.jpg 400w, https:\/\/klasztorwieliczka.pl\/wp-content\/uploads\/2025\/11\/nabozenstwo_okrycia_plaszczem_matki_bozej_z_guadalupe_wieliczka_franciszkanie-4-600x450.jpg 600w, https:\/\/klasztorwieliczka.pl\/wp-content\/uploads\/2025\/11\/nabozenstwo_okrycia_plaszczem_matki_bozej_z_guadalupe_wieliczka_franciszkanie-4-800x600.jpg 800w, https:\/\/klasztorwieliczka.pl\/wp-content\/uploads\/2025\/11\/nabozenstwo_okrycia_plaszczem_matki_bozej_z_guadalupe_wieliczka_franciszkanie-4.jpg 1080w\" data-sizes=\"auto\" data-orig-sizes=\"(max-width: 1024px) 100vw, (max-width: 640px) 100vw, 1080px\" \/><\/span><\/div><div class=\"fusion-builder-row fusion-builder-row-inner fusion-row fusion-flex-align-items-flex-start fusion-flex-content-wrap\" style=\"width:104% !important;max-width:104% !important;margin-left: calc(-4% \/ 2 );margin-right: calc(-4% \/ 2 );\"><div class=\"fusion-layout-column fusion_builder_column_inner fusion-builder-nested-column-0 fusion_builder_column_inner_1_3 1_3 fusion-flex-column\" style=\"--awb-bg-size:cover;--awb-width-large:33.333333333333%;--awb-margin-top-large:0px;--awb-spacing-right-large:5.76%;--awb-margin-bottom-large:0px;--awb-spacing-left-large:5.76%;--awb-width-medium:100%;--awb-order-medium:0;--awb-spacing-right-medium:1.92%;--awb-spacing-left-medium:1.92%;--awb-width-small:100%;--awb-order-small:0;--awb-spacing-right-small:1.92%;--awb-spacing-left-small:1.92%;\"><div class=\"fusion-column-wrapper fusion-column-has-shadow fusion-flex-justify-content-flex-start fusion-content-layout-column\"><div class=\"fusion-text fusion-text-1\"><h3><strong>Niezwyk\u0142y czas indywidualnej, wewn\u0119trznej rozmowy z Maryj\u0105.<\/strong><\/h3>\n<p><span style=\"font-weight: 400;\">Od pewnego ju\u017c czasu w naszej parafii, wierni maj\u0105 okazj\u0119 bra\u0107 udzia\u0142 w do\u015b\u0107 niezwyk\u0142ym nabo\u017ce\u0144stwie &#8211; R\u00f3\u017ca\u0144ca pod p\u0142aszczem Maryi z Guadalupe. Odbywa si\u0119 ono cyklicznie, najcz\u0119\u015bciej 12 dnia ka\u017cdego miesi\u0105ca.<\/span><\/p>\n<\/div><\/div><\/div><div class=\"fusion-layout-column fusion_builder_column_inner fusion-builder-nested-column-1 fusion_builder_column_inner_1_3 1_3 fusion-flex-column\" style=\"--awb-bg-size:cover;--awb-width-large:33.333333333333%;--awb-margin-top-large:0px;--awb-spacing-right-large:5.76%;--awb-margin-bottom-large:0px;--awb-spacing-left-large:5.76%;--awb-width-medium:100%;--awb-order-medium:0;--awb-spacing-right-medium:1.92%;--awb-spacing-left-medium:1.92%;--awb-width-small:100%;--awb-order-small:0;--awb-spacing-right-small:1.92%;--awb-spacing-left-small:1.92%;\"><div class=\"fusion-column-wrapper fusion-column-has-shadow fusion-flex-justify-content-flex-start fusion-content-layout-column\"><div class=\"fusion-text fusion-text-2\"><h3><strong>Sk\u0105d si\u0119 wzi\u0119\u0142o to nabo\u017ce\u0144stwo?<\/strong><\/h3>\n<p><span style=\"font-weight: 400;\">Wszystko przysz\u0142o do Polski z Meksyku, gdzie znajduje si\u0119 sanktuarium Matki Bo\u017cej z Guadalupe oraz Jej niezwyk\u0142y wizerunek, powsta\u0142y w nadnaturalny spos\u00f3b. Nawi\u0105zuje jednak przede wszystkim do starej katolickiej praktyki szkaplerzy, jako szat oznaczaj\u0105cych obecno\u015b\u0107 i opiek\u0119 Boga. Zar\u00f3wno szkaplerz jak i objawienie Matki Bo\u017cej Juanowi Diego w Meksyku \u0142\u0105czy w\u0142a\u015bnie idea szaty Maryi.<\/span><\/p>\n<p>&nbsp;<\/p>\n<p><span style=\"font-weight: 400;\">&#8222;Maryja, kt\u00f3ra ukaza\u0142a si\u0119 Juanowi mia\u0142a na sobie niebieski p\u0142aszcz, pe\u0142en symboli czytelnych dla Indianina azteckiego. Przede wszystkim kolor szaty by\u0142 zarezerwowany dla w\u0142adcy, kr\u00f3la india\u0144skiego. Ponadto Maryja mia\u0142a na sobie sukni\u0119 koloru jutrzenki, co oznacza\u0142o w tamtej kulturze kobiet\u0119, kt\u00f3ra wkr\u00f3tce urodzi. To wszystko by\u0142y dla niego znaki, \u017ce ma do czynienia z Matk\u0105 W\u0142adcy, kt\u00f3ry wkr\u00f3tce si\u0119 narodzi&#8221; \u2013 m\u00f3wi portalowi Stacja7.pl ks. Jerzy Jastrz\u0119bski, pos\u0142uguj\u0105cy P\u0142aszczem Maryi z Guadalupe w archidiecezji warszawskiej.<\/span><\/p>\n<p>&nbsp;<\/p>\n<p><span style=\"font-weight: 400;\">Jest to specjalnie szyty w Meksyku p\u0142aszcz, na kt\u00f3rego uszycie i u\u017cywanie trzeba mie\u0107 pozwolenie od biskupa Meksyku oraz biskupa diecezji. W naszej parafii kustoszem p\u0142aszcza Matki Bo\u017cej z Guadalupe jest o. Mariusz Tabor.<\/span><\/p>\n<p>&nbsp;<\/p>\n<p><span style=\"font-weight: 400;\">Nabo\u017ce\u0144stwo okrycia p\u0142aszczem ma szczeg\u00f3lny przebieg. Podczas, gdy wierni odmawiaj\u0105 kolejne tajemnice r\u00f3\u017ca\u0144ca, ch\u0119tni podchodz\u0105 do prezbiterium i tam zostaj\u0105 okryci p\u0142aszczem. Jest to niezwyk\u0142y czas, gdy zostaj\u0105 zaproszeni do indywidualnej, wewn\u0119trznej rozmowy z Maryj\u0105.<\/span><\/p>\n<p>&nbsp;<\/p>\n<p><span style=\"font-weight: 400;\">Aposto\u0142owie p\u0142aszcza podkre\u015blaj\u0105, \u017ce wielu z tych, kt\u00f3rzy modlili si\u0119 pod p\u0142aszczem Maryi z Guadalupe do\u015bwiadczyli cud\u00f3w w \u017cyciu swoim, lub tych, w intencji kt\u00f3rych si\u0119 modlili. Znane s\u0105 \u015bwiadectwa os\u00f3b uzdrowionych z depresji i chor\u00f3b psychicznych, \u015bwiadectwa o nawr\u00f3ceniach os\u00f3b w rodzinach, za kt\u00f3re modli\u0142y si\u0119 osoby pod p\u0142aszczem, cud przemiany w sk\u0142\u00f3conych ma\u0142\u017ce\u0144stwach oraz liczne \u0142aski pomocy Matki Bo\u017cej w sytuacjach leczenia ci\u0119\u017ckich chor\u00f3b nieuleczalnych.<\/span><\/p>\n<\/div><\/div><\/div><div class=\"fusion-layout-column fusion_builder_column_inner fusion-builder-nested-column-2 fusion_builder_column_inner_1_3 1_3 fusion-flex-column\" style=\"--awb-bg-size:cover;--awb-width-large:33.333333333333%;--awb-margin-top-large:0px;--awb-spacing-right-large:5.76%;--awb-margin-bottom-large:0px;--awb-spacing-left-large:5.76%;--awb-width-medium:100%;--awb-order-medium:0;--awb-spacing-right-medium:1.92%;--awb-spacing-left-medium:1.92%;--awb-width-small:100%;--awb-order-small:0;--awb-spacing-right-small:1.92%;--awb-spacing-left-small:1.92%;\"><div class=\"fusion-column-wrapper fusion-column-has-shadow fusion-flex-justify-content-flex-start fusion-content-layout-column\"><div class=\"fusion-text fusion-text-3\"><h3><strong>Imprimatur<\/strong><\/h3>\n<p><span style=\"font-weight: 400;\">\u201eApostolat R\u00f3\u017ca\u0144ca \u015bwi\u0119tego i P\u0142aszcza Naj\u015bwi\u0119tszej Dziewicy z Guadalupe, Matki Boga Prawdziwego dla kt\u00f3rego \u017cyje, powo\u0142a\u0142a pani Naty de Anda w 2010 r. na skutek ogromnego nabo\u017ce\u0144stwa do MB Guadalupe. G\u0142\u00f3wnym cele jego jest zjednoczenie os\u00f3b w modlitwie r\u00f3\u017ca\u0144cowej w rodzinach i wsp\u00f3lnotach w intencjach poni\u017cej podanych Matki Bo\u017cej i proponowanych przez cz\u0142onk\u00f3w. Apostolat dosta\u0142 pe\u0142ne pozwolenie na dzia\u0142anie i imprimatur udzielony przez Jego Eminencj\u0119 Kardyna\u0142a Juan Sandoval Iniguez i Arcybiskupa Guadalajara w dniu 23 maja 2011 roku\u201d \u2013 czytamy na stronie dedykowanej p\u0142aszczowi Maryi z Guadalupe.<\/span><\/p>\n<\/div><\/div><\/div><\/div><div class=\"awb-gallery-wrapper awb-gallery-wrapper-1 button-span-no\" style=\"--more-btn-alignment:center;\"><div style=\"margin:-5px;--awb-bordersize:0px;\" class=\"fusion-gallery fusion-gallery-container fusion-grid-3 fusion-columns-total-3 fusion-gallery-layout-grid fusion-gallery-1\"><div style=\"padding:5px;\" class=\"fusion-grid-column fusion-gallery-column fusion-gallery-column-3 hover-type-none\"><div class=\"fusion-gallery-image\"><a href=\"https:\/\/klasztorwieliczka.pl\/wp-content\/uploads\/2025\/11\/nabozenstwo_okrycia_plaszczem_matki_bozej_z_guadalupe_wieliczka_franciszkanie-5.jpg\" rel=\"noreferrer\" data-rel=\"iLightbox[gallery_image_1]\" class=\"fusion-lightbox\" target=\"_self\"><img decoding=\"async\" src=\"https:\/\/klasztorwieliczka.pl\/wp-content\/uploads\/2025\/11\/nabozenstwo_okrycia_plaszczem_matki_bozej_z_guadalupe_wieliczka_franciszkanie-5.jpg\" data-orig-src=\"https:\/\/klasztorwieliczka.pl\/wp-content\/uploads\/2025\/11\/nabozenstwo_okrycia_plaszczem_matki_bozej_z_guadalupe_wieliczka_franciszkanie-5.jpg\" width=\"1080\" height=\"1440\" alt=\"\" title=\"nabozenstwo_okrycia_plaszczem_matki_bozej_z_guadalupe_wieliczka_franciszkanie (5)\" aria-label=\"nabozenstwo_okrycia_plaszczem_matki_bozej_z_guadalupe_wieliczka_franciszkanie (5)\" class=\"lazyload img-responsive wp-image-2491\" srcset=\"data:image\/svg+xml,%3Csvg%20xmlns%3D%27http%3A%2F%2Fwww.w3.org%2F2000%2Fsvg%27%20width%3D%271080%27%20height%3D%271440%27%20viewBox%3D%270%200%201080%201440%27%3E%3Crect%20width%3D%271080%27%20height%3D%271440%27%20fill-opacity%3D%220%22%2F%3E%3C%2Fsvg%3E\" data-srcset=\"https:\/\/klasztorwieliczka.pl\/wp-content\/uploads\/2025\/11\/nabozenstwo_okrycia_plaszczem_matki_bozej_z_guadalupe_wieliczka_franciszkanie-5-200x267.jpg 200w, https:\/\/klasztorwieliczka.pl\/wp-content\/uploads\/2025\/11\/nabozenstwo_okrycia_plaszczem_matki_bozej_z_guadalupe_wieliczka_franciszkanie-5-400x533.jpg 400w, https:\/\/klasztorwieliczka.pl\/wp-content\/uploads\/2025\/11\/nabozenstwo_okrycia_plaszczem_matki_bozej_z_guadalupe_wieliczka_franciszkanie-5-600x800.jpg 600w, https:\/\/klasztorwieliczka.pl\/wp-content\/uploads\/2025\/11\/nabozenstwo_okrycia_plaszczem_matki_bozej_z_guadalupe_wieliczka_franciszkanie-5-800x1067.jpg 800w, https:\/\/klasztorwieliczka.pl\/wp-content\/uploads\/2025\/11\/nabozenstwo_okrycia_plaszczem_matki_bozej_z_guadalupe_wieliczka_franciszkanie-5.jpg 1080w\" data-sizes=\"auto\" data-orig-sizes=\"(min-width: 2200px) 100vw, (min-width: 824px) 423px, (min-width: 732px) 635px, (min-width: 640px) 732px, \" \/><\/a><\/div><\/div><div style=\"padding:5px;\" class=\"fusion-grid-column fusion-gallery-column fusion-gallery-column-3 hover-type-none\"><div class=\"fusion-gallery-image\"><a href=\"https:\/\/klasztorwieliczka.pl\/wp-content\/uploads\/2025\/11\/nabozenstwo_okrycia_plaszczem_matki_bozej_z_guadalupe_wieliczka_franciszkanie-1.jpg\" rel=\"noreferrer\" data-rel=\"iLightbox[gallery_image_1]\" class=\"fusion-lightbox\" target=\"_self\"><img decoding=\"async\" src=\"https:\/\/klasztorwieliczka.pl\/wp-content\/uploads\/2025\/11\/nabozenstwo_okrycia_plaszczem_matki_bozej_z_guadalupe_wieliczka_franciszkanie-1.jpg\" data-orig-src=\"https:\/\/klasztorwieliczka.pl\/wp-content\/uploads\/2025\/11\/nabozenstwo_okrycia_plaszczem_matki_bozej_z_guadalupe_wieliczka_franciszkanie-1.jpg\" width=\"1080\" height=\"1440\" alt=\"\" title=\"nabozenstwo_okrycia_plaszczem_matki_bozej_z_guadalupe_wieliczka_franciszkanie (1)\" aria-label=\"nabozenstwo_okrycia_plaszczem_matki_bozej_z_guadalupe_wieliczka_franciszkanie (1)\" class=\"lazyload img-responsive wp-image-2487\" srcset=\"data:image\/svg+xml,%3Csvg%20xmlns%3D%27http%3A%2F%2Fwww.w3.org%2F2000%2Fsvg%27%20width%3D%271080%27%20height%3D%271440%27%20viewBox%3D%270%200%201080%201440%27%3E%3Crect%20width%3D%271080%27%20height%3D%271440%27%20fill-opacity%3D%220%22%2F%3E%3C%2Fsvg%3E\" data-srcset=\"https:\/\/klasztorwieliczka.pl\/wp-content\/uploads\/2025\/11\/nabozenstwo_okrycia_plaszczem_matki_bozej_z_guadalupe_wieliczka_franciszkanie-1-200x267.jpg 200w, https:\/\/klasztorwieliczka.pl\/wp-content\/uploads\/2025\/11\/nabozenstwo_okrycia_plaszczem_matki_bozej_z_guadalupe_wieliczka_franciszkanie-1-400x533.jpg 400w, https:\/\/klasztorwieliczka.pl\/wp-content\/uploads\/2025\/11\/nabozenstwo_okrycia_plaszczem_matki_bozej_z_guadalupe_wieliczka_franciszkanie-1-600x800.jpg 600w, https:\/\/klasztorwieliczka.pl\/wp-content\/uploads\/2025\/11\/nabozenstwo_okrycia_plaszczem_matki_bozej_z_guadalupe_wieliczka_franciszkanie-1-800x1067.jpg 800w, https:\/\/klasztorwieliczka.pl\/wp-content\/uploads\/2025\/11\/nabozenstwo_okrycia_plaszczem_matki_bozej_z_guadalupe_wieliczka_franciszkanie-1.jpg 1080w\" data-sizes=\"auto\" data-orig-sizes=\"(min-width: 2200px) 100vw, (min-width: 824px) 423px, (min-width: 732px) 635px, (min-width: 640px) 732px, \" \/><\/a><\/div><\/div><div style=\"padding:5px;\" class=\"fusion-grid-column fusion-gallery-column fusion-gallery-column-3 hover-type-none\"><div class=\"fusion-gallery-image\"><a href=\"https:\/\/klasztorwieliczka.pl\/wp-content\/uploads\/2025\/11\/nabozenstwo_okrycia_plaszczem_matki_bozej_z_guadalupe_wieliczka_franciszkanie-2.jpg\" rel=\"noreferrer\" data-rel=\"iLightbox[gallery_image_1]\" class=\"fusion-lightbox\" target=\"_self\"><img decoding=\"async\" src=\"https:\/\/klasztorwieliczka.pl\/wp-content\/uploads\/2025\/11\/nabozenstwo_okrycia_plaszczem_matki_bozej_z_guadalupe_wieliczka_franciszkanie-2.jpg\" data-orig-src=\"https:\/\/klasztorwieliczka.pl\/wp-content\/uploads\/2025\/11\/nabozenstwo_okrycia_plaszczem_matki_bozej_z_guadalupe_wieliczka_franciszkanie-2.jpg\" width=\"1080\" height=\"1440\" alt=\"\" title=\"nabozenstwo_okrycia_plaszczem_matki_bozej_z_guadalupe_wieliczka_franciszkanie (2)\" aria-label=\"nabozenstwo_okrycia_plaszczem_matki_bozej_z_guadalupe_wieliczka_franciszkanie (2)\" class=\"lazyload img-responsive wp-image-2488\" srcset=\"data:image\/svg+xml,%3Csvg%20xmlns%3D%27http%3A%2F%2Fwww.w3.org%2F2000%2Fsvg%27%20width%3D%271080%27%20height%3D%271440%27%20viewBox%3D%270%200%201080%201440%27%3E%3Crect%20width%3D%271080%27%20height%3D%271440%27%20fill-opacity%3D%220%22%2F%3E%3C%2Fsvg%3E\" data-srcset=\"https:\/\/klasztorwieliczka.pl\/wp-content\/uploads\/2025\/11\/nabozenstwo_okrycia_plaszczem_matki_bozej_z_guadalupe_wieliczka_franciszkanie-2-200x267.jpg 200w, https:\/\/klasztorwieliczka.pl\/wp-content\/uploads\/2025\/11\/nabozenstwo_okrycia_plaszczem_matki_bozej_z_guadalupe_wieliczka_franciszkanie-2-400x533.jpg 400w, https:\/\/klasztorwieliczka.pl\/wp-content\/uploads\/2025\/11\/nabozenstwo_okrycia_plaszczem_matki_bozej_z_guadalupe_wieliczka_franciszkanie-2-600x800.jpg 600w, https:\/\/klasztorwieliczka.pl\/wp-content\/uploads\/2025\/11\/nabozenstwo_okrycia_plaszczem_matki_bozej_z_guadalupe_wieliczka_franciszkanie-2-800x1067.jpg 800w, https:\/\/klasztorwieliczka.pl\/wp-content\/uploads\/2025\/11\/nabozenstwo_okrycia_plaszczem_matki_bozej_z_guadalupe_wieliczka_franciszkanie-2.jpg 1080w\" data-sizes=\"auto\" data-orig-sizes=\"(min-width: 2200px) 100vw, (min-width: 824px) 423px, (min-width: 732px) 635px, (min-width: 640px) 732px, \" \/><\/a><\/div><\/div><div class=\"clearfix\"><\/div><\/div><\/div><\/div><\/div><\/div><\/div>\n","protected":false},"excerpt":{"rendered":"","protected":false},"author":5,"featured_media":0,"parent":0,"menu_order":0,"comment_status":"closed","ping_status":"closed","template":"","meta":{"footnotes":""},"class_list":["post-2483","page","type-page","status-publish","hentry"],"_links":{"self":[{"href":"https:\/\/klasztorwieliczka.pl\/index.php\/wp-json\/wp\/v2\/pages\/2483","targetHints":{"allow":["GET"]}}],"collection":[{"href":"https:\/\/klasztorwieliczka.pl\/index.php\/wp-json\/wp\/v2\/pages"}],"about":[{"href":"https:\/\/klasztorwieliczka.pl\/index.php\/wp-json\/wp\/v2\/types\/page"}],"author":[{"embeddable":true,"href":"https:\/\/klasztorwieliczka.pl\/index.php\/wp-json\/wp\/v2\/users\/5"}],"replies":[{"embeddable":true,"href":"https:\/\/klasztorwieliczka.pl\/index.php\/wp-json\/wp\/v2\/comments?post=2483"}],"version-history":[{"count":3,"href":"https:\/\/klasztorwieliczka.pl\/index.php\/wp-json\/wp\/v2\/pages\/2483\/revisions"}],"predecessor-version":[{"id":2601,"href":"https:\/\/klasztorwieliczka.pl\/index.php\/wp-json\/wp\/v2\/pages\/2483\/revisions\/2601"}],"wp:attachment":[{"href":"https:\/\/klasztorwieliczka.pl\/index.php\/wp-json\/wp\/v2\/media?parent=2483"}],"curies":[{"name":"wp","href":"https:\/\/api.w.org\/{rel}","templated":true}]}}